{"id":12367,"date":"2024-01-15T11:00:47","date_gmt":"2024-01-15T10:00:47","guid":{"rendered":"https:\/\/wro.swiss\/?page_id=12367"},"modified":"2024-01-15T11:05:53","modified_gmt":"2024-01-15T10:05:53","slug":"taches-future-innovators-2024","status":"publish","type":"page","link":"https:\/\/wro.swiss\/fr\/informations\/saisons-precedentes\/taches2024\/taches-future-innovators-2024\/","title":{"rendered":"T\u00e2ches Future Innovators 2024"},"content":{"rendered":"<p><div class=\"fusion-fullwidth fullwidth-box fusion-builder-row-1 fusion-flex-container has-pattern-background has-mask-background nonhundred-percent-fullwidth non-hundred-percent-height-scrolling\" style=\"--awb-border-radius-top-left:0px;--awb-border-radius-top-right:0px;--awb-border-radius-bottom-right:0px;--awb-border-radius-bottom-left:0px;--awb-flex-wrap:wrap;\" ><div class=\"fusion-builder-row fusion-row fusion-flex-align-items-flex-start fusion-flex-content-wrap\" style=\"max-width:1248px;margin-left: calc(-4% \/ 2 );margin-right: calc(-4% \/ 2 );\"><div class=\"fusion-layout-column fusion_builder_column fusion-builder-column-0 fusion_builder_column_1_2 1_2 fusion-flex-column\" style=\"--awb-bg-size:cover;--awb-width-large:50%;--awb-margin-top-large:0px;--awb-spacing-right-large:3.84%;--awb-margin-bottom-large:20px;--awb-spacing-left-large:3.84%;--awb-width-medium:50%;--awb-order-medium:0;--awb-spacing-right-medium:3.84%;--awb-spacing-left-medium:3.84%;--awb-width-small:100%;--awb-order-small:0;--awb-spacing-right-small:1.92%;--awb-spacing-left-small:1.92%;\"><div class=\"fusion-column-wrapper fusion-column-has-shadow fusion-flex-justify-content-flex-start fusion-content-layout-column\"><div class=\"fusion-image-element \" style=\"--awb-caption-title-font-family:var(--h2_typography-font-family);--awb-caption-title-font-weight:var(--h2_typography-font-weight);--awb-caption-title-font-style:var(--h2_typography-font-style);--awb-caption-title-size:var(--h2_typography-font-size);--awb-caption-title-transform:var(--h2_typography-text-transform);--awb-caption-title-line-height:var(--h2_typography-line-height);--awb-caption-title-letter-spacing:var(--h2_typography-letter-spacing);\"><span class=\" fusion-imageframe imageframe-none imageframe-1 hover-type-none\"><img decoding=\"async\" width=\"1085\" height=\"847\" alt=\"Earth Allies, das Motto f\u00fcr 2024\" title=\"Motto-2024\" src=\"https:\/\/wro.swiss\/wp-content\/uploads\/2023\/11\/Motto-2024.png\" class=\"img-responsive wp-image-9679\" srcset=\"https:\/\/wro.swiss\/wp-content\/uploads\/2023\/11\/Motto-2024-300x234.png 300w, https:\/\/wro.swiss\/wp-content\/uploads\/2023\/11\/Motto-2024-428x334.png 428w, https:\/\/wro.swiss\/wp-content\/uploads\/2023\/11\/Motto-2024-650x507.png 650w, https:\/\/wro.swiss\/wp-content\/uploads\/2023\/11\/Motto-2024-768x600.png 768w, https:\/\/wro.swiss\/wp-content\/uploads\/2023\/11\/Motto-2024-1024x799.png 1024w, https:\/\/wro.swiss\/wp-content\/uploads\/2023\/11\/Motto-2024.png 1085w\" sizes=\"(max-width: 1085px) 100vw, 1085px\" \/><\/span><\/div><\/div><\/div><div class=\"fusion-layout-column fusion_builder_column fusion-builder-column-1 fusion_builder_column_1_2 1_2 fusion-flex-column\" style=\"--awb-bg-size:cover;--awb-width-large:50%;--awb-margin-top-large:0px;--awb-spacing-right-large:3.84%;--awb-margin-bottom-large:20px;--awb-spacing-left-large:3.84%;--awb-width-medium:50%;--awb-order-medium:0;--awb-spacing-right-medium:3.84%;--awb-spacing-left-medium:3.84%;--awb-width-small:100%;--awb-order-small:0;--awb-spacing-right-small:1.92%;--awb-spacing-left-small:1.92%;\"><div class=\"fusion-column-wrapper fusion-column-has-shadow fusion-flex-justify-content-flex-start fusion-content-layout-column\"><div class=\"fusion-text fusion-text-1\"><p>Comme personnes, nous avons un fort lien avec le monde qui nous entoure, m\u00eame s&rsquo;il nous arrive de l&rsquo;oublier dans notre vie moderne. Nous avons besoin de la Terre pour obtenir la nourriture, l&rsquo;\u00e9nergie et beaucoup d&rsquo;autres choses que nous utilisons au quotidien.<\/p>\n<p>Nous devons \u00e9galement faire face \u00e0 des \u00e9v\u00e8nements naturels qui peuvent \u00eatre destructeurs. Les robots peuvent nous aider \u00e0 vivre \u00e0 des endroits o\u00f9 la nature est dangereuse ou hostile, et ils peuvent aussi nous aider \u00e0 mener un mode de vie plus respectueux de l&rsquo;environnement.<\/p>\n<\/div><\/div><\/div><\/div><\/div><div class=\"fusion-fullwidth fullwidth-box fusion-builder-row-2 fusion-flex-container has-pattern-background has-mask-background nonhundred-percent-fullwidth non-hundred-percent-height-scrolling\" style=\"--awb-border-radius-top-left:0px;--awb-border-radius-top-right:0px;--awb-border-radius-bottom-right:0px;--awb-border-radius-bottom-left:0px;--awb-flex-wrap:wrap;\" ><div class=\"fusion-builder-row fusion-row fusion-flex-align-items-flex-start fusion-flex-content-wrap\" style=\"max-width:1248px;margin-left: calc(-4% \/ 2 );margin-right: calc(-4% \/ 2 );\"><div class=\"fusion-layout-column fusion_builder_column fusion-builder-column-2 fusion_builder_column_1_1 1_1 fusion-flex-column\" style=\"--awb-bg-size:cover;--awb-width-large:100%;--awb-margin-top-large:0px;--awb-spacing-right-large:1.92%;--awb-margin-bottom-large:20px;--awb-spacing-left-large:1.92%;--awb-width-medium:100%;--awb-order-medium:0;--awb-spacing-right-medium:1.92%;--awb-spacing-left-medium:1.92%;--awb-width-small:100%;--awb-order-small:0;--awb-spacing-right-small:1.92%;--awb-spacing-left-small:1.92%;\"><div class=\"fusion-column-wrapper fusion-column-has-shadow fusion-flex-justify-content-flex-start fusion-content-layout-column\"><div class=\"fusion-text fusion-text-2\"><p><strong>Dans la cat\u00e9gorie \u00ab WRO Future Innovators 2024 \u00bb, les \u00e9quipes ont pour mission de d\u00e9velopper un mod\u00e8le de robot qui aide les gens \u00e0 vivre en harmonie avec la nature. Die Teams k\u00f6nnen sich f\u00fcr einen der beiden Themenbereiche (1 oder 2) entscheiden, aber sie k\u00f6nnen auch an einem Projekt arbeiten, das beide Themenbereiche miteinander kombiniert.<\/strong><\/p>\n<\/div><div class=\"fusion-title title fusion-title-1 fusion-sep-none fusion-title-text fusion-title-size-two\" style=\"--awb-margin-top-small:10px;--awb-margin-right-small:0px;--awb-margin-bottom-small:10px;--awb-margin-left-small:0px;\"><h2 class=\"fusion-title-heading title-heading-left\" style=\"margin:0;\">D\u00f6efinition des t\u00e2ches et documents essentiels<\/h2><\/div><div class=\"fusion-text fusion-text-3\"><p>Veuillez lire attentivement tous les documents, ils vous donneront de nombreux conseils utiles sur la mani\u00e8re de vous pr\u00e9parer au concours et sur ce qui est autoris\u00e9 ou non lors du concours.<\/p>\n<ul>\n<li><a href=\"https:\/\/wro.swiss\/wp-content\/uploads\/2024\/01\/WRO-2024-Future-Innovators-Aufgabenstellung-FR.pdf\" target=\"_blank\" rel=\"noopener noreferrer\">T\u00e2ches Future Innovators 2024 &#8212; toutes les classes d&rsquo;\u00e2ge<\/a><\/li>\n<li><a href=\"https:\/\/wro.swiss\/wp-content\/uploads\/2024\/01\/WRO-2024-Future-Innovators-Allgemeines-Regelwerk-FR.pdf\" target=\"_blank\" rel=\"noopener noreferrer\">R\u00e8glement g\u00e9n\u00e9ral<\/a><\/li>\n<li><a href=\"https:\/\/wro.swiss\/wp-content\/uploads\/2024\/01\/WRO-2024-Future-Innovators-Informationen-Teams-und-Coaches-FR.pdf\">Informations pour \u00e9quipes et coaches<\/a><\/li>\n<li><a href=\"https:\/\/wro.swiss\/wp-content\/uploads\/2024\/01\/WRO_2024_Leitprinzipien_FR_.pdf\">Principes directures de la WRO<\/a><\/li>\n<li><a href=\"https:\/\/wro.swiss\/wp-content\/uploads\/2024\/01\/WRO-2024_Einverstandniserklarung_FR.pdf\" target=\"_blank\" rel=\"noopener noreferrer\">D\u00e9claration de consentement<\/a><\/li>\n<\/ul>\n<\/div><\/div><\/div><\/div><\/div><\/p>\n","protected":false},"excerpt":{"rendered":"","protected":false},"author":7,"featured_media":0,"parent":12100,"menu_order":0,"comment_status":"closed","ping_status":"closed","template":"100-width.php","meta":{"inline_featured_image":false,"footnotes":""},"wf_page_folders":[],"class_list":["post-12367","page","type-page","status-publish","hentry"],"_links":{"self":[{"href":"https:\/\/wro.swiss\/fr\/wp-json\/wp\/v2\/pages\/12367","targetHints":{"allow":["GET"]}}],"collection":[{"href":"https:\/\/wro.swiss\/fr\/wp-json\/wp\/v2\/pages"}],"about":[{"href":"https:\/\/wro.swiss\/fr\/wp-json\/wp\/v2\/types\/page"}],"author":[{"embeddable":true,"href":"https:\/\/wro.swiss\/fr\/wp-json\/wp\/v2\/users\/7"}],"replies":[{"embeddable":true,"href":"https:\/\/wro.swiss\/fr\/wp-json\/wp\/v2\/comments?post=12367"}],"version-history":[{"count":12,"href":"https:\/\/wro.swiss\/fr\/wp-json\/wp\/v2\/pages\/12367\/revisions"}],"predecessor-version":[{"id":12489,"href":"https:\/\/wro.swiss\/fr\/wp-json\/wp\/v2\/pages\/12367\/revisions\/12489"}],"up":[{"embeddable":true,"href":"https:\/\/wro.swiss\/fr\/wp-json\/wp\/v2\/pages\/12100"}],"wp:attachment":[{"href":"https:\/\/wro.swiss\/fr\/wp-json\/wp\/v2\/media?parent=12367"}],"wp:term":[{"taxonomy":"wf_page_folders","embeddable":true,"href":"https:\/\/wro.swiss\/fr\/wp-json\/wp\/v2\/wf_page_folders?post=12367"}],"curies":[{"name":"wp","href":"https:\/\/api.w.org\/{rel}","templated":true}]}}