{"id":12100,"date":"2024-01-14T22:05:08","date_gmt":"2024-01-14T21:05:08","guid":{"rendered":"https:\/\/wro.swiss\/?page_id=12100"},"modified":"2024-11-23T16:28:43","modified_gmt":"2024-11-23T15:28:43","slug":"taches2024","status":"publish","type":"page","link":"https:\/\/wro.swiss\/fr\/informations\/saisons-precedentes\/taches2024\/","title":{"rendered":"Archives 2024"},"content":{"rendered":"<p><div class=\"fusion-fullwidth fullwidth-box fusion-builder-row-1 fusion-flex-container has-pattern-background has-mask-background nonhundred-percent-fullwidth non-hundred-percent-height-scrolling\" style=\"--awb-border-radius-top-left:0px;--awb-border-radius-top-right:0px;--awb-border-radius-bottom-right:0px;--awb-border-radius-bottom-left:0px;--awb-flex-wrap:wrap;\" ><div class=\"fusion-builder-row fusion-row fusion-flex-align-items-flex-start fusion-flex-content-wrap\" style=\"max-width:1248px;margin-left: calc(-4% \/ 2 );margin-right: calc(-4% \/ 2 );\"><div class=\"fusion-layout-column fusion_builder_column fusion-builder-column-0 fusion_builder_column_1_1 1_1 fusion-flex-column\" style=\"--awb-bg-size:cover;--awb-width-large:100%;--awb-margin-top-large:0px;--awb-spacing-right-large:1.92%;--awb-margin-bottom-large:20px;--awb-spacing-left-large:1.92%;--awb-width-medium:100%;--awb-order-medium:0;--awb-spacing-right-medium:1.92%;--awb-spacing-left-medium:1.92%;--awb-width-small:100%;--awb-order-small:0;--awb-spacing-right-small:1.92%;--awb-spacing-left-small:1.92%;\"><div class=\"fusion-column-wrapper fusion-column-has-shadow fusion-flex-justify-content-flex-start fusion-content-layout-column\"><div class=\"fusion-image-element \" style=\"text-align:center;--awb-margin-bottom:20px;--awb-max-width:400px;--awb-caption-title-font-family:var(--h2_typography-font-family);--awb-caption-title-font-weight:var(--h2_typography-font-weight);--awb-caption-title-font-style:var(--h2_typography-font-style);--awb-caption-title-size:var(--h2_typography-font-size);--awb-caption-title-transform:var(--h2_typography-text-transform);--awb-caption-title-line-height:var(--h2_typography-line-height);--awb-caption-title-letter-spacing:var(--h2_typography-letter-spacing);\"><span class=\" fusion-imageframe imageframe-none imageframe-1 hover-type-none\"><img decoding=\"async\" width=\"1085\" height=\"847\" alt=\"Earth Allies, das Motto f\u00fcr 2024\" title=\"Motto-2024\" src=\"https:\/\/wro.swiss\/wp-content\/uploads\/2023\/11\/Motto-2024.png\" class=\"img-responsive wp-image-9679\" srcset=\"https:\/\/wro.swiss\/wp-content\/uploads\/2023\/11\/Motto-2024-300x234.png 300w, https:\/\/wro.swiss\/wp-content\/uploads\/2023\/11\/Motto-2024-428x334.png 428w, https:\/\/wro.swiss\/wp-content\/uploads\/2023\/11\/Motto-2024-650x507.png 650w, https:\/\/wro.swiss\/wp-content\/uploads\/2023\/11\/Motto-2024-768x600.png 768w, https:\/\/wro.swiss\/wp-content\/uploads\/2023\/11\/Motto-2024-1024x799.png 1024w, https:\/\/wro.swiss\/wp-content\/uploads\/2023\/11\/Motto-2024.png 1085w\" sizes=\"(max-width: 1085px) 100vw, 1085px\" \/><\/span><\/div><div class=\"fusion-text fusion-text-1\"><p>Les t\u00e2ches de cette ann\u00e9e sont plac\u00e9es sous le th\u00e8me \u00abEarth Allies\u00bb. Il s&rsquo;agit de la question comment la robotique peut aider \u00e0 vivre en harmonie avec la nature. Nous souhaitons \u00e0 toutes les \u00e9quipes beaucoup de plaisir et de succ\u00e8s dans leurs t\u00e2ches !<\/p>\n<\/div><\/div><\/div><\/div><\/div><div class=\"fusion-fullwidth fullwidth-box fusion-builder-row-2 fusion-flex-container has-pattern-background has-mask-background nonhundred-percent-fullwidth non-hundred-percent-height-scrolling\" style=\"--awb-border-radius-top-left:0px;--awb-border-radius-top-right:0px;--awb-border-radius-bottom-right:0px;--awb-border-radius-bottom-left:0px;--awb-flex-wrap:wrap;\" ><div class=\"fusion-builder-row fusion-row fusion-flex-align-items-flex-start fusion-flex-content-wrap\" style=\"max-width:1248px;margin-left: calc(-4% \/ 2 );margin-right: calc(-4% \/ 2 );\"><div class=\"fusion-layout-column fusion_builder_column fusion-builder-column-1 fusion_builder_column_1_3 1_3 fusion-flex-column\" style=\"--awb-bg-color:#ff7f00;--awb-bg-color-hover:#ff7f00;--awb-bg-size:cover;--awb-width-large:33.333333333333%;--awb-margin-top-large:0px;--awb-spacing-right-large:5.76%;--awb-margin-bottom-large:20px;--awb-spacing-left-large:5.76%;--awb-width-medium:33.333333333333%;--awb-order-medium:0;--awb-spacing-right-medium:5.76%;--awb-spacing-left-medium:5.76%;--awb-width-small:100%;--awb-order-small:0;--awb-spacing-right-small:1.92%;--awb-spacing-left-small:1.92%;\"><div class=\"fusion-column-wrapper fusion-column-has-shadow fusion-flex-justify-content-flex-start fusion-content-layout-column\"><div class=\"fusion-title title fusion-title-1 fusion-sep-none fusion-title-text fusion-title-size-one\" style=\"--awb-margin-top-small:10px;--awb-margin-right-small:0px;--awb-margin-bottom-small:10px;--awb-margin-left-small:0px;\"><h1 class=\"fusion-title-heading title-heading-left\" style=\"margin:0;\">RoboMission<\/h1><\/div><div class=\"fusion-text fusion-text-2\"><ul>\n<li><span style=\"color: var(--awb-text-color); font-family: var(--awb-text-font-family); font-size: var(--awb-font-size); font-style: var(--awb-text-font-style); font-weight: var(--awb-text-font-weight); letter-spacing: var(--awb-letter-spacing); text-align: var(--awb-content-alignment); text-transform: var(--awb-text-transform); background-color: var(--awb-bg-color);\"><a href=\"https:\/\/wro.swiss\/fr\/informations\/saisons-precedentes\/taches2024\/taches-elementary-2024\/\">T\u00e2ches Elementary<\/a><\/span><\/li>\n<li><a href=\"https:\/\/wro.swiss\/fr\/informations\/saisons-precedentes\/taches2024\/taches-junior-2024\/\">T\u00e2ches Junior<\/a><\/li>\n<li><a href=\"https:\/\/wro.swiss\/fr\/informations\/saisons-precedentes\/taches2024\/taches-senior-2024\/\">T\u00e2ches Senior<\/a><\/li>\n<\/ul>\n<\/div><\/div><\/div><div class=\"fusion-layout-column fusion_builder_column fusion-builder-column-2 fusion_builder_column_1_3 1_3 fusion-flex-column fusion-flex-align-self-stretch\" style=\"--awb-bg-color:#ff0000;--awb-bg-color-hover:#ff0000;--awb-bg-size:cover;--awb-width-large:33.333333333333%;--awb-margin-top-large:0px;--awb-spacing-right-large:5.76%;--awb-margin-bottom-large:20px;--awb-spacing-left-large:5.76%;--awb-width-medium:33.333333333333%;--awb-order-medium:0;--awb-spacing-right-medium:5.76%;--awb-spacing-left-medium:5.76%;--awb-width-small:100%;--awb-order-small:0;--awb-spacing-right-small:1.92%;--awb-spacing-left-small:1.92%;\"><div class=\"fusion-column-wrapper fusion-column-has-shadow fusion-flex-justify-content-flex-start fusion-content-layout-column\"><div class=\"fusion-title title fusion-title-2 fusion-sep-none fusion-title-text fusion-title-size-one\" style=\"--awb-margin-top-small:10px;--awb-margin-right-small:0px;--awb-margin-bottom-small:10px;--awb-margin-left-small:0px;\"><h1 class=\"fusion-title-heading title-heading-left\" style=\"margin:0;\">Future Innovators<\/h1><\/div><div class=\"fusion-text fusion-text-3\"><ul>\n<li><a href=\"https:\/\/wro.swiss\/fr\/informations\/saisons-precedentes\/taches2024\/taches-future-innovators-2024\/\">T\u00e2che pour toutes les classes d&rsquo;\u00e2ge<\/a><\/li>\n<\/ul>\n<\/div><\/div><\/div><div class=\"fusion-layout-column fusion_builder_column fusion-builder-column-3 fusion_builder_column_1_3 1_3 fusion-flex-column fusion-flex-align-self-stretch\" style=\"--awb-bg-color:#6400b7;--awb-bg-color-hover:#6400b7;--awb-bg-size:cover;--awb-width-large:33.333333333333%;--awb-margin-top-large:0px;--awb-spacing-right-large:5.76%;--awb-margin-bottom-large:20px;--awb-spacing-left-large:5.76%;--awb-width-medium:33.333333333333%;--awb-order-medium:0;--awb-spacing-right-medium:5.76%;--awb-spacing-left-medium:5.76%;--awb-width-small:100%;--awb-order-small:0;--awb-spacing-right-small:1.92%;--awb-spacing-left-small:1.92%;\"><div class=\"fusion-column-wrapper fusion-column-has-shadow fusion-flex-justify-content-flex-start fusion-content-layout-column\"><div class=\"fusion-title title fusion-title-3 fusion-sep-none fusion-title-text fusion-title-size-one\" style=\"--awb-margin-top-small:10px;--awb-margin-right-small:0px;--awb-margin-bottom-small:10px;--awb-margin-left-small:0px;\"><h1 class=\"fusion-title-heading title-heading-left\" style=\"margin:0;\">WRO Starter<\/h1><\/div><div class=\"fusion-text fusion-text-4\"><ul>\n<li><a href=\"https:\/\/wro.swiss\/informationen\/aufgabenarchiv\/archiv-2024\/aufgaben-starter-2024\/\">T\u00e2che pour la cat\u00e9gorie Starter<\/a><\/li>\n<\/ul>\n<\/div><\/div><\/div><\/div><\/div><\/p>\n","protected":false},"excerpt":{"rendered":"","protected":false},"author":7,"featured_media":0,"parent":4146,"menu_order":0,"comment_status":"closed","ping_status":"closed","template":"100-width.php","meta":{"inline_featured_image":false,"footnotes":""},"wf_page_folders":[],"class_list":["post-12100","page","type-page","status-publish","hentry"],"_links":{"self":[{"href":"https:\/\/wro.swiss\/fr\/wp-json\/wp\/v2\/pages\/12100","targetHints":{"allow":["GET"]}}],"collection":[{"href":"https:\/\/wro.swiss\/fr\/wp-json\/wp\/v2\/pages"}],"about":[{"href":"https:\/\/wro.swiss\/fr\/wp-json\/wp\/v2\/types\/page"}],"author":[{"embeddable":true,"href":"https:\/\/wro.swiss\/fr\/wp-json\/wp\/v2\/users\/7"}],"replies":[{"embeddable":true,"href":"https:\/\/wro.swiss\/fr\/wp-json\/wp\/v2\/comments?post=12100"}],"version-history":[{"count":36,"href":"https:\/\/wro.swiss\/fr\/wp-json\/wp\/v2\/pages\/12100\/revisions"}],"predecessor-version":[{"id":14378,"href":"https:\/\/wro.swiss\/fr\/wp-json\/wp\/v2\/pages\/12100\/revisions\/14378"}],"up":[{"embeddable":true,"href":"https:\/\/wro.swiss\/fr\/wp-json\/wp\/v2\/pages\/4146"}],"wp:attachment":[{"href":"https:\/\/wro.swiss\/fr\/wp-json\/wp\/v2\/media?parent=12100"}],"wp:term":[{"taxonomy":"wf_page_folders","embeddable":true,"href":"https:\/\/wro.swiss\/fr\/wp-json\/wp\/v2\/wf_page_folders?post=12100"}],"curies":[{"name":"wp","href":"https:\/\/api.w.org\/{rel}","templated":true}]}}