{"id":11486,"date":"2023-12-03T20:20:52","date_gmt":"2023-12-03T19:20:52","guid":{"rendered":"https:\/\/wro.swiss\/saison-2024\/materiel\/table-de-jeu\/"},"modified":"2024-11-29T20:31:10","modified_gmt":"2024-11-29T19:31:10","slug":"table-de-jeu","status":"publish","type":"page","link":"https:\/\/wro.swiss\/fr\/saison-2025\/table-de-jeu\/","title":{"rendered":"Table de jeu"},"content":{"rendered":"&#13;\n<p>A partir de la saison 2017, de nouvelles dimensions seront appliqu\u00e9es au niveau international pour les terrains de jeu et les tables. Les tables de la saison 2016 et ant\u00e9rieures peuvent \u00eatre transform\u00e9es en un tour de main. Un grand merci \u00e0 TECHNIK BEGEISTERT e.V. pour les instructions !<\/p>&#13;&#13;\n<ul class=\"wp-block-list\">&#13;\n<li><a href=\"https:\/\/wro.swiss\/wp-content\/uploads\/2018\/09\/WRO2017-Anpassung-alle-Tischarten.pdf\" target=\"_blank\" rel=\"noreferrer noopener\">Instructions de transformation<\/a><\/li>&#13;\n<li><a href=\"https:\/\/wro.swiss\/wp-content\/uploads\/2018\/09\/WRO2017-RC-Bauanleitung-Klapptisch.pdf\" target=\"_blank\" rel=\"noreferrer noopener\">Instructions de montage table pliante<\/a><\/li>&#13;\n<li>Recommand\u00e9 pour l&rsquo;utilisation : <a href=\"https:\/\/wro.swiss\/wp-content\/uploads\/2018\/09\/WRO2017-RC-Bauanleitung-Tisch-fest.pdf\" target=\"_blank\" rel=\"noreferrer noopener\">Instructions de montage plateau fixe<\/a><\/li>&#13;\n<\/ul>&#13;","protected":false},"excerpt":{"rendered":"<p>&#13; A partir de la saison 2017, de nouvelles dimensions  [&#8230;]<\/p>\n","protected":false},"author":12,"featured_media":0,"parent":14751,"menu_order":0,"comment_status":"closed","ping_status":"closed","template":"","meta":{"inline_featured_image":false,"footnotes":""},"wf_page_folders":[],"class_list":["post-11486","page","type-page","status-publish","hentry"],"_links":{"self":[{"href":"https:\/\/wro.swiss\/fr\/wp-json\/wp\/v2\/pages\/11486","targetHints":{"allow":["GET"]}}],"collection":[{"href":"https:\/\/wro.swiss\/fr\/wp-json\/wp\/v2\/pages"}],"about":[{"href":"https:\/\/wro.swiss\/fr\/wp-json\/wp\/v2\/types\/page"}],"author":[{"embeddable":true,"href":"https:\/\/wro.swiss\/fr\/wp-json\/wp\/v2\/users\/12"}],"replies":[{"embeddable":true,"href":"https:\/\/wro.swiss\/fr\/wp-json\/wp\/v2\/comments?post=11486"}],"version-history":[{"count":3,"href":"https:\/\/wro.swiss\/fr\/wp-json\/wp\/v2\/pages\/11486\/revisions"}],"predecessor-version":[{"id":15065,"href":"https:\/\/wro.swiss\/fr\/wp-json\/wp\/v2\/pages\/11486\/revisions\/15065"}],"up":[{"embeddable":true,"href":"https:\/\/wro.swiss\/fr\/wp-json\/wp\/v2\/pages\/14751"}],"wp:attachment":[{"href":"https:\/\/wro.swiss\/fr\/wp-json\/wp\/v2\/media?parent=11486"}],"wp:term":[{"taxonomy":"wf_page_folders","embeddable":true,"href":"https:\/\/wro.swiss\/fr\/wp-json\/wp\/v2\/wf_page_folders?post=11486"}],"curies":[{"name":"wp","href":"https:\/\/api.w.org\/{rel}","templated":true}]}}