{"id":11357,"date":"2024-01-03T16:54:06","date_gmt":"2024-01-03T15:54:06","guid":{"rendered":"https:\/\/wro.swiss\/?page_id=11357"},"modified":"2025-03-18T08:05:27","modified_gmt":"2025-03-18T07:05:27","slug":"mentions-legales-conditions-de-participation-et-protection-des-donnees","status":"publish","type":"page","link":"https:\/\/wro.swiss\/fr\/mentions-legales-conditions-de-participation-et-protection-des-donnees\/","title":{"rendered":"Impressum"},"content":{"rendered":"<div class=\"fusion-fullwidth fullwidth-box fusion-builder-row-1 fusion-flex-container has-pattern-background has-mask-background nonhundred-percent-fullwidth non-hundred-percent-height-scrolling\" style=\"--awb-border-radius-top-left:0px;--awb-border-radius-top-right:0px;--awb-border-radius-bottom-right:0px;--awb-border-radius-bottom-left:0px;--awb-flex-wrap:wrap;\" ><div class=\"fusion-builder-row fusion-row fusion-flex-align-items-flex-start fusion-flex-content-wrap\" style=\"max-width:1248px;margin-left: calc(-4% \/ 2 );margin-right: calc(-4% \/ 2 );\"><div class=\"fusion-layout-column fusion_builder_column fusion-builder-column-0 fusion_builder_column_1_1 1_1 fusion-flex-column\" style=\"--awb-bg-size:cover;--awb-width-large:100%;--awb-margin-top-large:0px;--awb-spacing-right-large:1.92%;--awb-margin-bottom-large:20px;--awb-spacing-left-large:1.92%;--awb-width-medium:100%;--awb-order-medium:0;--awb-spacing-right-medium:1.92%;--awb-spacing-left-medium:1.92%;--awb-width-small:100%;--awb-order-small:0;--awb-spacing-right-small:1.92%;--awb-spacing-left-small:1.92%;\"><div class=\"fusion-column-wrapper fusion-column-has-shadow fusion-flex-justify-content-flex-start fusion-content-layout-column\"><div class=\"fusion-title title fusion-title-1 fusion-sep-none fusion-title-text fusion-title-size-two\" style=\"--awb-margin-top-small:10px;--awb-margin-right-small:0px;--awb-margin-bottom-small:10px;--awb-margin-left-small:0px;\"><h2 class=\"fusion-title-heading title-heading-left\" style=\"margin:0;\">Responsabilit\u00e9 du contenu du site web<\/h2><\/div><div class=\"fusion-text fusion-text-1\"><p>Verein World Robot Olympiad Schweiz (wro.swiss)<\/p>\n<p><span style=\"color: var(--awb-text-color); font-family: var(--awb-text-font-family); font-size: var(--awb-font-size); font-style: var(--awb-text-font-style); font-weight: var(--awb-text-font-weight); letter-spacing: var(--awb-letter-spacing); text-align: var(--awb-content-alignment); text-transform: var(--awb-text-transform); background-color: var(--awb-bg-color-hover);\">5212 Hausen AG<br \/>\n<\/span><span style=\"background-color: var(--awb-bg-color-hover); color: var(--awb-text-color); font-family: var(--awb-text-font-family); font-size: var(--awb-font-size); font-style: var(--awb-text-font-style); font-weight: var(--awb-text-font-weight); letter-spacing: var(--awb-letter-spacing); text-align: var(--awb-content-alignment); text-transform: var(--awb-text-transform);\">E-mail : info@wro.swiss<\/span><\/p>\n<\/div><div class=\"fusion-title title fusion-title-2 fusion-sep-none fusion-title-text fusion-title-size-two\" style=\"--awb-margin-top-small:10px;--awb-margin-right-small:0px;--awb-margin-bottom-small:10px;--awb-margin-left-small:0px;\"><h2 class=\"fusion-title-heading title-heading-left\" style=\"margin:0;\">Protection et s\u00e9curit\u00e9 des donn\u00e9es<\/h2><\/div><div class=\"fusion-text fusion-text-2\"><p>La pr\u00e9sente politique de confidentialit\u00e9 r\u00e9git la collecte, l&rsquo;utilisation et le stockage des donn\u00e9es sur le site. Nous nous effor\u00e7ons, en collaboration avec nos fournisseurs d&rsquo;h\u00e9bergement, de prot\u00e9ger autant que possible notre site web et nos bases de donn\u00e9es contre les acc\u00e8s de tiers et les abus. L&rsquo;association wro.swiss n&rsquo;assume aucune responsabilit\u00e9 pour l&rsquo;utilisation du site web et les \u00e9ventuels dommages qui pourraient en r\u00e9sulter (notamment, mais pas exclusivement, les virus).<\/p>\n<\/div><div class=\"fusion-title title fusion-title-3 fusion-sep-none fusion-title-text fusion-title-size-two\" style=\"--awb-margin-top-small:10px;--awb-margin-right-small:0px;--awb-margin-bottom-small:10px;--awb-margin-left-small:0px;\"><h2 class=\"fusion-title-heading title-heading-left\" style=\"margin:0;\">Utilisation des cookies<\/h2><\/div><div class=\"fusion-text fusion-text-3\"><p>Cette page d&rsquo;accueil utilise de petits fichiers texte (cookies). Ces fichiers sont enregistr\u00e9s localement dans la m\u00e9moire tampon de votre navigateur tant que vous vous trouvez sur notre page d&rsquo;accueil et servent \u00e0 une utilisation conviviale de notre page d&rsquo;accueil. Les cookies ainsi que les param\u00e8tres correspondants peuvent \u00eatre bloqu\u00e9s ou modifi\u00e9s dans les param\u00e8tres de votre navigateur web.<\/p>\n<\/div><div class=\"fusion-title title fusion-title-4 fusion-sep-none fusion-title-text fusion-title-size-two\" style=\"--awb-margin-top-small:10px;--awb-margin-right-small:0px;--awb-margin-bottom-small:10px;--awb-margin-left-small:0px;\"><h2 class=\"fusion-title-heading title-heading-left\" style=\"margin:0;\">Droit d&rsquo;auteur<\/h2><\/div><div class=\"fusion-text fusion-text-4\"><p>Tous les textes, enregistrements sonores, documents, images et autres contenus figurant sur le site wro.swiss (ci-apr\u00e8s : \u00ab\u00a0le site\u00a0\u00bb) sont la propri\u00e9t\u00e9 de l&rsquo;association wro.swiss ou de ses membres et sont prot\u00e9g\u00e9s par des droits d&rsquo;auteur. Les exceptions sont mentionn\u00e9es avec une r\u00e9f\u00e9rence \u00e0 la source.<\/p>\n<p>Toute utilisation du contenu de ce site web, qui est la propri\u00e9t\u00e9 de l&rsquo;association wro.swiss, n\u00e9cessite obligatoirement une autorisation \u00e9crite. Si des contenus de communiqu\u00e9s de presse sont utilis\u00e9s, ils doivent \u00eatre cit\u00e9s avec la r\u00e9f\u00e9rence correspondante. Si des contenus de tiers (notamment des contenus m\u00e9diatiques de la presse) sont utilis\u00e9s sous la forme d&rsquo;une citation, celle-ci doit \u00eatre accompagn\u00e9e de la mention de la source correspondante.<\/p>\n<\/div><div class=\"fusion-title title fusion-title-5 fusion-sep-none fusion-title-text fusion-title-size-two\" style=\"--awb-margin-top-small:10px;--awb-margin-right-small:0px;--awb-margin-bottom-small:10px;--awb-margin-left-small:0px;\"><h2 class=\"fusion-title-heading title-heading-left\" style=\"margin:0;\">Exclusion de responsabilit\u00e9 pour le contenu du site web<\/h2><\/div><div class=\"fusion-text fusion-text-5\"><p>L&rsquo;association wro.swiss se r\u00e9serve le droit de modifier ou de supprimer le contenu du pr\u00e9sent site web \u00e0 tout moment et sans pr\u00e9avis. Elle n&rsquo;assume aucune responsabilit\u00e9 pour les contenus ainsi que pour leur mise \u00e0 jour, leur rectification\/correction et leur ach\u00e8vement.<\/p>\n<p>Les contenus du blog portant le nom de l&rsquo;auteur correspondent \u00e0 l&rsquo;opinion de l&rsquo;auteur. Celle-ci ne doit pas n\u00e9cessairement correspondre \u00e0 l&rsquo;opinion de l&rsquo;association wro.swiss.<\/p>\n<\/div><div class=\"fusion-title title fusion-title-6 fusion-sep-none fusion-title-text fusion-title-size-two\" style=\"--awb-margin-top-small:10px;--awb-margin-right-small:0px;--awb-margin-bottom-small:10px;--awb-margin-left-small:0px;\"><h2 class=\"fusion-title-heading title-heading-left\" style=\"margin:0;\">Clause de non-responsabilit\u00e9 pour les liens externes<\/h2><\/div><div class=\"fusion-text fusion-text-6\"><p>Pour les liens externes, en particulier ceux provenant des m\u00e9dias, l&rsquo;exploitant du site concern\u00e9 est enti\u00e8rement responsable de leur contenu. L&rsquo;association wro.swiss n&rsquo;a aucune influence sur le contenu des sites auxquels elle renvoie.<\/p>\n<\/div><\/div><\/div><\/div><\/div>\n","protected":false},"excerpt":{"rendered":"","protected":false},"author":7,"featured_media":0,"parent":0,"menu_order":0,"comment_status":"closed","ping_status":"closed","template":"100-width.php","meta":{"inline_featured_image":false,"footnotes":""},"wf_page_folders":[],"class_list":["post-11357","page","type-page","status-publish","hentry"],"_links":{"self":[{"href":"https:\/\/wro.swiss\/fr\/wp-json\/wp\/v2\/pages\/11357","targetHints":{"allow":["GET"]}}],"collection":[{"href":"https:\/\/wro.swiss\/fr\/wp-json\/wp\/v2\/pages"}],"about":[{"href":"https:\/\/wro.swiss\/fr\/wp-json\/wp\/v2\/types\/page"}],"author":[{"embeddable":true,"href":"https:\/\/wro.swiss\/fr\/wp-json\/wp\/v2\/users\/7"}],"replies":[{"embeddable":true,"href":"https:\/\/wro.swiss\/fr\/wp-json\/wp\/v2\/comments?post=11357"}],"version-history":[{"count":38,"href":"https:\/\/wro.swiss\/fr\/wp-json\/wp\/v2\/pages\/11357\/revisions"}],"predecessor-version":[{"id":17948,"href":"https:\/\/wro.swiss\/fr\/wp-json\/wp\/v2\/pages\/11357\/revisions\/17948"}],"wp:attachment":[{"href":"https:\/\/wro.swiss\/fr\/wp-json\/wp\/v2\/media?parent=11357"}],"wp:term":[{"taxonomy":"wf_page_folders","embeddable":true,"href":"https:\/\/wro.swiss\/fr\/wp-json\/wp\/v2\/wf_page_folders?post=11357"}],"curies":[{"name":"wp","href":"https:\/\/api.w.org\/{rel}","templated":true}]}}