{"id":11003,"date":"2023-12-03T15:51:39","date_gmt":"2023-12-03T14:51:39","guid":{"rendered":"https:\/\/wro.swiss\/?page_id=11003"},"modified":"2024-01-03T17:56:38","modified_gmt":"2024-01-03T16:56:38","slug":"fi-fr","status":"publish","type":"page","link":"https:\/\/wro.swiss\/fr\/informations\/categories-et-classes-d-age\/fi-fr\/","title":{"rendered":"Future Innovators"},"content":{"rendered":"<div class=\"fusion-fullwidth fullwidth-box fusion-builder-row-1 fusion-flex-container has-pattern-background has-mask-background nonhundred-percent-fullwidth non-hundred-percent-height-scrolling\" style=\"--awb-border-radius-top-left:0px;--awb-border-radius-top-right:0px;--awb-border-radius-bottom-right:0px;--awb-border-radius-bottom-left:0px;--awb-flex-wrap:wrap;\" ><div class=\"fusion-builder-row fusion-row fusion-flex-align-items-flex-start fusion-flex-content-wrap\" style=\"max-width:1248px;margin-left: calc(-4% \/ 2 );margin-right: calc(-4% \/ 2 );\"><div class=\"fusion-layout-column fusion_builder_column fusion-builder-column-0 fusion_builder_column_1_1 1_1 fusion-flex-column\" style=\"--awb-bg-size:cover;--awb-width-large:100%;--awb-margin-top-large:0px;--awb-spacing-right-large:1.92%;--awb-margin-bottom-large:20px;--awb-spacing-left-large:1.92%;--awb-width-medium:100%;--awb-order-medium:0;--awb-spacing-right-medium:1.92%;--awb-spacing-left-medium:1.92%;--awb-width-small:100%;--awb-order-small:0;--awb-spacing-right-small:1.92%;--awb-spacing-left-small:1.92%;\"><div class=\"fusion-column-wrapper fusion-column-has-shadow fusion-flex-justify-content-flex-start fusion-content-layout-column\"><div class=\"fusion-text fusion-text-1\"><p>Depuis 2023, nous proposons \u00e9galement \u00e0 la WRO la cat\u00e9gorie Future Innovators. Celle-ci s&rsquo;adresse aux \u00e9l\u00e8ves \u00e2g\u00e9s de 8 \u00e0 19 ans et permet aux jeunes qui ont un int\u00e9r\u00eat \u00e0 travailler sur des projets de plus grande envergure de participer \u00e0 la WRO. La t\u00e2che annuelle, qui s&rsquo;oriente toujours vers l&rsquo;un des objectifs de d\u00e9veloppement durable de l&rsquo;ONU, offre un large cadre \u00e0 cet effet.<\/p>\n<p>Les \u00e9quipes \u00e9laborent un projet de son choix qui s&rsquo;inscrit dans le cadre de ce th\u00e8me annuel. Ils r\u00e9fl\u00e9chissent \u00e0 la mani\u00e8re dont un robot ou une solution robotique peut aider \u00e0 r\u00e9soudre ce probl\u00e8me dans le monde r\u00e9el, et construisent et programment un prototype.<\/p>\n<p>Lors du concours, les \u00e9quipes pr\u00e9sentent leurs projets \u00e0 un jury. Pour cela, ils disposent d&rsquo;une surface d&rsquo;exposition de 2m x 2m avec au moins un mur et une table. La pr\u00e9sentation peut et doit \u00eatre con\u00e7ue de mani\u00e8re cr\u00e9ative !<\/p>\n<p>Contrairement \u00e0 la cat\u00e9gorie classique RoboMission, dans laquelle seuls les robots Lego sont autoris\u00e9s, le choix de la technologie est ici compl\u00e8tement libre. Sont donc autoris\u00e9s, par exemple, outre les Lego, les Rasperry Pi, Arduino et autres.<\/p>\n<p>Comme pour la cat\u00e9gorie RoboMission, les jeunes participent en \u00e9quipes de 2 \u00e0 3 \u00e9l\u00e8ves et un coach &#8211; un enseignant, un parent ou une autre personne d&rsquo;encadrement.<\/p>\n<\/div><\/div><\/div><\/div><\/div>\n","protected":false},"excerpt":{"rendered":"","protected":false},"author":7,"featured_media":0,"parent":10127,"menu_order":0,"comment_status":"closed","ping_status":"closed","template":"100-width.php","meta":{"inline_featured_image":false,"footnotes":""},"wf_page_folders":[],"class_list":["post-11003","page","type-page","status-publish","hentry"],"_links":{"self":[{"href":"https:\/\/wro.swiss\/fr\/wp-json\/wp\/v2\/pages\/11003","targetHints":{"allow":["GET"]}}],"collection":[{"href":"https:\/\/wro.swiss\/fr\/wp-json\/wp\/v2\/pages"}],"about":[{"href":"https:\/\/wro.swiss\/fr\/wp-json\/wp\/v2\/types\/page"}],"author":[{"embeddable":true,"href":"https:\/\/wro.swiss\/fr\/wp-json\/wp\/v2\/users\/7"}],"replies":[{"embeddable":true,"href":"https:\/\/wro.swiss\/fr\/wp-json\/wp\/v2\/comments?post=11003"}],"version-history":[{"count":5,"href":"https:\/\/wro.swiss\/fr\/wp-json\/wp\/v2\/pages\/11003\/revisions"}],"predecessor-version":[{"id":11501,"href":"https:\/\/wro.swiss\/fr\/wp-json\/wp\/v2\/pages\/11003\/revisions\/11501"}],"up":[{"embeddable":true,"href":"https:\/\/wro.swiss\/fr\/wp-json\/wp\/v2\/pages\/10127"}],"wp:attachment":[{"href":"https:\/\/wro.swiss\/fr\/wp-json\/wp\/v2\/media?parent=11003"}],"wp:term":[{"taxonomy":"wf_page_folders","embeddable":true,"href":"https:\/\/wro.swiss\/fr\/wp-json\/wp\/v2\/wf_page_folders?post=11003"}],"curies":[{"name":"wp","href":"https:\/\/api.w.org\/{rel}","templated":true}]}}