{"id":10839,"date":"2022-01-09T16:24:22","date_gmt":"2022-01-09T15:24:22","guid":{"rendered":"https:\/\/wro.swiss\/informations\/participer-nouveau\/participer-en-tant-que-coach\/"},"modified":"2023-12-03T11:31:42","modified_gmt":"2023-12-03T10:31:42","slug":"participer-en-tant-que-coach","status":"publish","type":"page","link":"https:\/\/wro.swiss\/fr\/informations\/participer-nouveau\/participer-en-tant-que-coach\/","title":{"rendered":"Participer en tant que coach"},"content":{"rendered":"<div class=\"fusion-fullwidth fullwidth-box fusion-builder-row-1 fusion-flex-container has-pattern-background has-mask-background nonhundred-percent-fullwidth non-hundred-percent-height-scrolling\" style=\"--awb-border-radius-top-left:0px;--awb-border-radius-top-right:0px;--awb-border-radius-bottom-right:0px;--awb-border-radius-bottom-left:0px;--awb-flex-wrap:wrap;\" ><div class=\"fusion-builder-row fusion-row fusion-flex-align-items-flex-start fusion-flex-content-wrap\" style=\"max-width:1248px;margin-left: calc(-4% \/ 2 );margin-right: calc(-4% \/ 2 );\"><div class=\"fusion-layout-column fusion_builder_column fusion-builder-column-0 fusion_builder_column_1_1 1_1 fusion-flex-column\" style=\"--awb-bg-size:cover;--awb-width-large:100%;--awb-margin-top-large:0px;--awb-spacing-right-large:1.92%;--awb-margin-bottom-large:20px;--awb-spacing-left-large:1.92%;--awb-width-medium:100%;--awb-order-medium:0;--awb-spacing-right-medium:1.92%;--awb-spacing-left-medium:1.92%;--awb-width-small:100%;--awb-order-small:0;--awb-spacing-right-small:1.92%;--awb-spacing-left-small:1.92%;\"><div class=\"fusion-column-wrapper fusion-column-has-shadow fusion-flex-justify-content-flex-start fusion-content-layout-column\"><div class=\"fusion-text fusion-text-1\" style=\"--awb-font-size:28px;--awb-text-color:var(--awb-custom_color_2);\"><p><strong>Chaque \u00e9quipe WRO de 2-3 participants a besoin d\u2019un coach d\u2019\u00e9quipe.<\/strong><\/p>\n<\/div><div class=\"fusion-title title fusion-title-1 fusion-sep-none fusion-title-text fusion-title-size-two\" style=\"--awb-margin-top-small:10px;--awb-margin-right-small:0px;--awb-margin-bottom-small:10px;--awb-margin-left-small:0px;\"><h2 class=\"fusion-title-heading title-heading-left\" style=\"margin:0;\"><h2>Qui peut \u00eatre coach ?<\/h2><\/h2><\/div><div class=\"fusion-text fusion-text-2\"><p>Toute personne \u00e2g\u00e9e de 18 ans ou plus qui souhaite accompagner des enfants et des jeunes sur le chemin des comp\u00e9titions de robotique peut s\u2019engager comme coach d\u2019une \u00e9quipe. Un bon coach ou une bonne coach Un bon coach ou une bonne coach<\/p>\n<ul>\n<li>a du plaisir \u00e0 travailler avec des enfants et des jeunes<\/li>\n<li>a suffisamment de temps (voir ci-dessous)<\/li>\n<li>s\u2019int\u00e9resse un peu \u00e0 la technique et aux robots.<\/li>\n<\/ul>\n<p>L\u2019int\u00e9r\u00eat pour la technique ne signifie toutefois pas que seuls les enseignants en m\u00e9dias et en informatique ou les parents dont la profession est li\u00e9e aux robots peuvent \u00eatre des coachs. La capacit\u00e9 \u00e0 motiver les enfants et les jeunes lors de la pr\u00e9paration aux concours est bien plus importante.<\/p>\n<\/div><div class=\"fusion-title title fusion-title-2 fusion-sep-none fusion-title-text fusion-title-size-two\" style=\"--awb-margin-top-small:10px;--awb-margin-right-small:0px;--awb-margin-bottom-small:10px;--awb-margin-left-small:0px;\"><h2 class=\"fusion-title-heading title-heading-left\" style=\"margin:0;\"><h2>T\u00e2ches d\u2019un coach ou d\u2019une coach<\/h2><\/h2><\/div><div class=\"fusion-text fusion-text-3\"><ul>\n<li>Eveiller l\u2019int\u00e9r\u00eat des membres de l\u2019\u00e9quipe pour la robotique et les motiver m\u00eame en cas de coup dur.<\/li>\n<li>Transmettre \u00e0 l\u2019\u00e9quipe les bases de la robotique ou aider les participants \u00e0 les acqu\u00e9rir eux-m\u00eames \u00e0 l\u2019aide de tutoriels ou autres.<\/li>\n<li>Cr\u00e9er un cadre (local, mat\u00e9riel)<\/li>\n<li>\u00catre l\u2019interlocuteur des organisateurs du concours<\/li>\n<li>Aider \u00e0 trouver des solutions, mais pas \u00e0 \u00e9crire des programmes ou \u00e0 construire des robots.<\/li>\n<li>Encadrer l\u2019\u00e9quipe le jour du concours.<\/li>\n<\/ul>\n<p>Un coach peut s\u2019occuper de plusieurs \u00e9quipes dans diff\u00e9rentes cat\u00e9gories et classes d\u2019\u00e2ge.<\/p>\n<\/div><div class=\"fusion-title title fusion-title-3 fusion-sep-none fusion-title-text fusion-title-size-two\" style=\"--awb-margin-top-small:10px;--awb-margin-right-small:0px;--awb-margin-bottom-small:10px;--awb-margin-left-small:0px;\"><h2 class=\"fusion-title-heading title-heading-left\" style=\"margin:0;\"><h2>Temps n\u00e9cessaire<\/h2><\/h2><\/div><div class=\"fusion-text fusion-text-4\"><p>Le temps n\u00e9cessaire varie en fonction de la cat\u00e9gorie du concours et de l\u2019exp\u00e9rience des participants. En r\u00e8gle g\u00e9n\u00e9rale, l\u2019\u00e9quipe devrait se r\u00e9unir environ une fois par semaine pendant deux heures pour un entra\u00eenement durant la phase de pr\u00e9paration (de janvier \u00e0 mai environ).<\/p>\n<p>Dans la phase la plus chaude, juste avant une comp\u00e9tition, il peut \u00eatre judicieux de pr\u00e9voir un bloc d\u2019entra\u00eenement plus long, par exemple un apr\u00e8s-midi entier ou un samedi.<\/p>\n<p>Pour les \u00e9quipes qui se qualifient pour le championnat suisse ou une comp\u00e9tition internationale, il est judicieux de pr\u00e9voir des entra\u00eenements suppl\u00e9mentaires \u00e0 cet effet.<\/p>\n<\/div><\/div><\/div><\/div><\/div>\n","protected":false},"excerpt":{"rendered":"","protected":false},"author":7,"featured_media":0,"parent":10167,"menu_order":1,"comment_status":"closed","ping_status":"closed","template":"","meta":{"inline_featured_image":false,"footnotes":""},"wf_page_folders":[],"class_list":["post-10839","page","type-page","status-publish","hentry"],"_links":{"self":[{"href":"https:\/\/wro.swiss\/fr\/wp-json\/wp\/v2\/pages\/10839","targetHints":{"allow":["GET"]}}],"collection":[{"href":"https:\/\/wro.swiss\/fr\/wp-json\/wp\/v2\/pages"}],"about":[{"href":"https:\/\/wro.swiss\/fr\/wp-json\/wp\/v2\/types\/page"}],"author":[{"embeddable":true,"href":"https:\/\/wro.swiss\/fr\/wp-json\/wp\/v2\/users\/7"}],"replies":[{"embeddable":true,"href":"https:\/\/wro.swiss\/fr\/wp-json\/wp\/v2\/comments?post=10839"}],"version-history":[{"count":2,"href":"https:\/\/wro.swiss\/fr\/wp-json\/wp\/v2\/pages\/10839\/revisions"}],"predecessor-version":[{"id":10841,"href":"https:\/\/wro.swiss\/fr\/wp-json\/wp\/v2\/pages\/10839\/revisions\/10841"}],"up":[{"embeddable":true,"href":"https:\/\/wro.swiss\/fr\/wp-json\/wp\/v2\/pages\/10167"}],"wp:attachment":[{"href":"https:\/\/wro.swiss\/fr\/wp-json\/wp\/v2\/media?parent=10839"}],"wp:term":[{"taxonomy":"wf_page_folders","embeddable":true,"href":"https:\/\/wro.swiss\/fr\/wp-json\/wp\/v2\/wf_page_folders?post=10839"}],"curies":[{"name":"wp","href":"https:\/\/api.w.org\/{rel}","templated":true}]}}