{"id":10658,"date":"2022-01-07T16:41:29","date_gmt":"2022-01-07T15:41:29","guid":{"rendered":"https:\/\/wro.swiss\/cours-pour-coachs-et-enseignants\/"},"modified":"2026-04-02T08:01:14","modified_gmt":"2026-04-02T06:01:14","slug":"cours-pour-coachs-et-enseignants","status":"publish","type":"page","link":"https:\/\/wro.swiss\/fr\/cours\/cours-pour-coachs-et-enseignants\/","title":{"rendered":"Cours pour coachs et enseignants"},"content":{"rendered":"<div class=\"fusion-fullwidth fullwidth-box fusion-builder-row-1 fusion-flex-container nonhundred-percent-fullwidth non-hundred-percent-height-scrolling\" style=\"--awb-border-radius-top-left:0px;--awb-border-radius-top-right:0px;--awb-border-radius-bottom-right:0px;--awb-border-radius-bottom-left:0px;--awb-flex-wrap:wrap;\" ><div class=\"fusion-builder-row fusion-row fusion-flex-align-items-flex-start fusion-flex-content-wrap\" style=\"max-width:1248px;margin-left: calc(-4% \/ 2 );margin-right: calc(-4% \/ 2 );\"><div class=\"fusion-layout-column fusion_builder_column fusion-builder-column-0 fusion_builder_column_1_1 1_1 fusion-flex-column\" style=\"--awb-bg-blend:overlay;--awb-bg-size:cover;--awb-width-large:100%;--awb-margin-top-large:0px;--awb-spacing-right-large:1.92%;--awb-margin-bottom-large:0px;--awb-spacing-left-large:1.92%;--awb-width-medium:100%;--awb-spacing-right-medium:1.92%;--awb-spacing-left-medium:1.92%;--awb-width-small:100%;--awb-spacing-right-small:1.92%;--awb-spacing-left-small:1.92%;\"><div class=\"fusion-column-wrapper fusion-flex-justify-content-flex-start fusion-content-layout-column\"><div class=\"fusion-text fusion-text-1\"><p>Nous proposons \u00e0 nouveau pour la nouvelle saison nos ateliers tr\u00e8s appr\u00e9ci\u00e9s pour les enseignants et les coachs. Il y a des cours sur le <a href=\"https:\/\/wro.swiss\/fr\/cours\/cours-pour-coachs-et-enseignants\/#Coaching\" data-type=\"internal\" data-id=\"#Coaching\">coaching<\/a> et <a href=\"https:\/\/wro.swiss\/fr\/cours\/cours-pour-coachs-et-enseignants\/#Robotik\" data-type=\"internal\" data-id=\"#Robotik\">la robotique<\/a>. Nous voulons transmettre les bases et surmonter les craintes. Pour une premi\u00e8re information sur la WRO, il y a nos <a href=\"https:\/\/wro.swiss\/fr\/cours\/webinaires-pour-coachs-et-enseignant-e-s\/\" data-type=\"page\" data-id=\"8508\">webinaires<\/a>.<\/p>\n<p>Sont invit\u00e9s les enseignants qui enseignent (ou souhaitent enseigner) la robotique \u00e0 l&rsquo;\u00e9cole et les coachs\/parents qui n&rsquo;ont pas ou peu d&rsquo;exp\u00e9rience avec le kit robotique Lego SPIKE Prime.<\/p>\n<p>Nous proposons des cours en ligne ou sur place. Pour s&rsquo;inscrire, il <b>suffit de cliquer sur le lien situ\u00e9 directement \u00e0 c\u00f4t\u00e9 des dates de cours<\/b>. En t&rsquo;inscrivant, tu acceptes nos <a href=\"https:\/\/www.worldrobotolympiad.ch\/impressum\">conditions de participation et notre politique de confidentialit\u00e9<\/a>. Tu recevras une confirmation d&rsquo;inscription apr\u00e8s ton inscription. Avant le cours, tu recevras des informations suppl\u00e9mentaires par e-mail.<\/p>\n<\/div><div class=\"fusion-title title fusion-title-1 fusion-sep-none fusion-title-text fusion-title-size-two\" style=\"--awb-margin-top-small:10px;--awb-margin-right-small:0px;--awb-margin-bottom-small:10px;--awb-margin-left-small:0px;\"><h2 class=\"fusion-title-heading title-heading-left\" style=\"margin:0;\"><h2>Cours de robotique<\/h2><\/h2><\/div><div class=\"fusion-title title fusion-title-2 fusion-sep-none fusion-title-text fusion-title-size-three\" style=\"--awb-margin-top-small:10px;--awb-margin-right-small:0px;--awb-margin-bottom-small:10px;--awb-margin-left-small:0px;\"><h3 class=\"fusion-title-heading title-heading-left\" style=\"margin:0;\">WRO cours pour d\u00e9butants SPIKE Prime<br \/>(code 2025_A_D)<\/h3><\/div><div class=\"fusion-text fusion-text-2\"><ul>\n<li>En quoi consiste le kit robotique ?<\/li>\n<li>Fonctions de base des capteurs (capteur de couleur plus d\u00e9taill\u00e9)<\/li>\n<li>Construction d&rsquo;un robot de conduite avec capteur de couleur<\/li>\n<li>Exercices de programmation (moteurs, capteurs, boucles, \u00e9v\u00e9nements)<\/li>\n<li>Construction d&rsquo;un robot suiveur de ligne simple<\/li>\n<\/ul>\n<\/div><div class=\"fusion-title title fusion-title-3 fusion-sep-none fusion-title-text fusion-title-size-four\" style=\"--awb-margin-top-small:10px;--awb-margin-right-small:0px;--awb-margin-bottom-small:10px;--awb-margin-left-small:0px;\"><h4 class=\"fusion-title-heading title-heading-left\" style=\"margin:0;text-transform:uppercase;\">Cours sur place<\/h4><\/div><div class=\"fusion-text fusion-text-3\"><ul>\n<li><span style=\"font-family: var(--awb-text-font-family); font-size: var(--awb-font-size); font-style: var(--awb-text-font-style); letter-spacing: var(--awb-letter-spacing); text-align: var(--awb-content-alignment); text-transform: var(--awb-text-transform);\">Samedi 16 mai 2026, 09:00 \u00e0 12:00, Romanshorn<a href=\"https:\/\/www.talenticum.swiss\/\" target=\"_blank\" rel=\"noopener noreferrer\">(Talenticum<\/a>)<br \/><\/span><\/li>\n<li><span style=\"font-family: var(--awb-text-font-family); font-size: var(--awb-font-size); font-style: var(--awb-text-font-style); letter-spacing: var(--awb-letter-spacing); text-align: var(--awb-content-alignment); text-transform: var(--awb-text-transform);\">Samedi 25 juillet 2026, 09:00 \u00e0 12:00, FHNW Brugg-Windisch<br \/><\/span><\/li>\n<li><span style=\"font-family: var(--awb-text-font-family); font-size: var(--awb-font-size); font-style: var(--awb-text-font-style); letter-spacing: var(--awb-letter-spacing); text-align: var(--awb-content-alignment); text-transform: var(--awb-text-transform);\">Samedi 22 ao\u00fbt 2026, 09:00 \u00e0 12:00, Romanshorn<a href=\"https:\/\/www.talenticum.swiss\/\" target=\"_blank\" rel=\"noopener noreferrer\">(Talenticum<\/a>)<br \/><\/span><\/li>\n<li><span style=\"font-family: var(--awb-text-font-family); font-size: var(--awb-font-size); font-style: var(--awb-text-font-style); letter-spacing: var(--awb-letter-spacing); text-align: var(--awb-content-alignment); text-transform: var(--awb-text-transform);\">Samedi 26 septembre 2026, 09:00 \u00e0 12:00, FHNW Brugg-Windisch<br \/><\/span><\/li>\n<\/ul>\n<p>(Cliquez ici pour acc\u00e9der aux ateliers familiaux qui ont lieu les m\u00eames jours, l&rsquo;apr\u00e8s-midi : <a href=\"https:\/\/wro.swiss\/fr\/cours\/cours-pour-enfants-et-adolescents\/\">Vers les cours en famille<\/a>)<\/p>\n<p>Contact : hallo@robotergeschichten.ch<\/p>\n<p><b>Co\u00fbt : 100 CHF<\/b><\/p><\/p>\n<\/div><div ><a class=\"fusion-button button-flat fusion-button-default-size button-default fusion-button-default button-1 fusion-button-default-span fusion-button-default-type\" style=\"--button_margin-bottom:30px;\" target=\"_blank\" rel=\"noopener noreferrer\" href=\"https:\/\/forms.office.com\/e\/9mPuDPqkw4\"><span class=\"fusion-button-text awb-button__text awb-button__text--default\">Inscription<\/span><\/a><\/div><div class=\"fusion-title title fusion-title-4 fusion-sep-none fusion-title-text fusion-title-size-four\" style=\"--awb-margin-top-small:10px;--awb-margin-right-small:0px;--awb-margin-bottom-small:10px;--awb-margin-left-small:0px;\"><h4 class=\"fusion-title-heading title-heading-left\" style=\"margin:0;\"><h3>Cours en ligne<\/h3><\/h4><\/div><div class=\"fusion-text fusion-text-4\"><ul>\n<li>Aucun cours en ligne n&rsquo;est pr\u00e9vu pour le moment. Si tu es int\u00e9ress\u00e9(e) par un cours en ligne, fais une demande via le lien en bas de la page.<\/li>\n<\/ul>\n<\/div><div ><a class=\"fusion-button button-flat fusion-button-default-size button-default fusion-button-default button-2 fusion-button-default-span fusion-button-default-type\" style=\"--button_margin-bottom:30px;\" target=\"_blank\" rel=\"noopener noreferrer\" href=\"https:\/\/forms.office.com\/e\/YTFnufdTkN\"><span class=\"fusion-button-text awb-button__text awb-button__text--default\">Faire une demande<\/span><\/a><\/div><div class=\"awb-gallery-wrapper awb-gallery-wrapper-1 button-span-no\" style=\"--more-btn-alignment:center;\"><div style=\"margin:-5px;--awb-aspect-ratio:1 \/ 1;--awb-bordersize:0px;--awb-columns-medium:100%;--awb-columns-small:100%;\" class=\"fusion-gallery fusion-gallery-container fusion-grid-3 fusion-columns-total-6 fusion-gallery-layout-grid fusion-gallery-1 has-aspect-ratio\"><div style=\"padding:5px;\" class=\"fusion-grid-column fusion-gallery-column fusion-gallery-column-3 hover-type-none\"><div class=\"fusion-gallery-image\"><a href=\"https:\/\/wro.swiss\/wp-content\/uploads\/2018\/09\/4.jpg\" rel=\"noreferrer\" data-rel=\"iLightbox[gallery_image_1]\" class=\"fusion-lightbox\" target=\"_self\"><img decoding=\"async\" src=\"https:\/\/wro.swiss\/wp-content\/uploads\/2018\/09\/4.jpg\" width=\"2048\" height=\"1333\" alt=\"\" title=\"\" aria-label=\"\" class=\"img-responsive wp-image-5381\" srcset=\"https:\/\/wro.swiss\/wp-content\/uploads\/2018\/09\/4-300x195.jpg 300w, https:\/\/wro.swiss\/wp-content\/uploads\/2018\/09\/4-650x423.jpg 650w, https:\/\/wro.swiss\/wp-content\/uploads\/2018\/09\/4-768x500.jpg 768w, https:\/\/wro.swiss\/wp-content\/uploads\/2018\/09\/4-1024x667.jpg 1024w, https:\/\/wro.swiss\/wp-content\/uploads\/2018\/09\/4.jpg 2048w\" sizes=\"(max-width: 2048px) 100vw, 2048px\" \/><\/a><\/div><\/div><div style=\"padding:5px;\" class=\"fusion-grid-column fusion-gallery-column fusion-gallery-column-3 hover-type-none\"><div class=\"fusion-gallery-image\"><a href=\"https:\/\/wro.swiss\/wp-content\/uploads\/2018\/09\/9.jpg\" rel=\"noreferrer\" data-rel=\"iLightbox[gallery_image_1]\" class=\"fusion-lightbox\" target=\"_self\"><img decoding=\"async\" src=\"https:\/\/wro.swiss\/wp-content\/uploads\/2018\/09\/9.jpg\" width=\"2048\" height=\"1511\" alt=\"\" title=\"\" aria-label=\"\" class=\"img-responsive wp-image-5378\" srcset=\"https:\/\/wro.swiss\/wp-content\/uploads\/2018\/09\/9-300x221.jpg 300w, https:\/\/wro.swiss\/wp-content\/uploads\/2018\/09\/9-650x480.jpg 650w, https:\/\/wro.swiss\/wp-content\/uploads\/2018\/09\/9-768x567.jpg 768w, https:\/\/wro.swiss\/wp-content\/uploads\/2018\/09\/9-1024x756.jpg 1024w, https:\/\/wro.swiss\/wp-content\/uploads\/2018\/09\/9.jpg 2048w\" sizes=\"(max-width: 2048px) 100vw, 2048px\" \/><\/a><\/div><\/div><div style=\"padding:5px;\" class=\"fusion-grid-column fusion-gallery-column fusion-gallery-column-3 hover-type-none\"><div class=\"fusion-gallery-image\"><a href=\"https:\/\/wro.swiss\/wp-content\/uploads\/2018\/09\/6.jpg\" rel=\"noreferrer\" data-rel=\"iLightbox[gallery_image_1]\" class=\"fusion-lightbox\" target=\"_self\"><img decoding=\"async\" src=\"https:\/\/wro.swiss\/wp-content\/uploads\/2018\/09\/6.jpg\" width=\"2048\" height=\"1197\" alt=\"\" title=\"\" aria-label=\"\" class=\"img-responsive wp-image-5375\" srcset=\"https:\/\/wro.swiss\/wp-content\/uploads\/2018\/09\/6-300x175.jpg 300w, https:\/\/wro.swiss\/wp-content\/uploads\/2018\/09\/6-650x380.jpg 650w, https:\/\/wro.swiss\/wp-content\/uploads\/2018\/09\/6-768x449.jpg 768w, https:\/\/wro.swiss\/wp-content\/uploads\/2018\/09\/6-1024x599.jpg 1024w, https:\/\/wro.swiss\/wp-content\/uploads\/2018\/09\/6.jpg 2048w\" sizes=\"(max-width: 2048px) 100vw, 2048px\" \/><\/a><\/div><\/div><div class=\"clearfix\"><\/div><div style=\"padding:5px;\" class=\"fusion-grid-column fusion-gallery-column fusion-gallery-column-3 hover-type-none\"><div class=\"fusion-gallery-image\"><a href=\"https:\/\/wro.swiss\/wp-content\/uploads\/2018\/09\/5.jpg\" rel=\"noreferrer\" data-rel=\"iLightbox[gallery_image_1]\" class=\"fusion-lightbox\" target=\"_self\"><img decoding=\"async\" src=\"https:\/\/wro.swiss\/wp-content\/uploads\/2018\/09\/5.jpg\" width=\"2048\" height=\"1431\" alt=\"\" title=\"\" aria-label=\"\" class=\"img-responsive wp-image-5372\" srcset=\"https:\/\/wro.swiss\/wp-content\/uploads\/2018\/09\/5-300x210.jpg 300w, https:\/\/wro.swiss\/wp-content\/uploads\/2018\/09\/5-650x454.jpg 650w, https:\/\/wro.swiss\/wp-content\/uploads\/2018\/09\/5-768x537.jpg 768w, https:\/\/wro.swiss\/wp-content\/uploads\/2018\/09\/5-1024x716.jpg 1024w, https:\/\/wro.swiss\/wp-content\/uploads\/2018\/09\/5.jpg 2048w\" sizes=\"(max-width: 2048px) 100vw, 2048px\" \/><\/a><\/div><\/div><div style=\"padding:5px;\" class=\"fusion-grid-column fusion-gallery-column fusion-gallery-column-3 hover-type-none\"><div class=\"fusion-gallery-image\"><a href=\"https:\/\/wro.swiss\/wp-content\/uploads\/2018\/09\/3.jpg\" rel=\"noreferrer\" data-rel=\"iLightbox[gallery_image_1]\" class=\"fusion-lightbox\" target=\"_self\"><img decoding=\"async\" src=\"https:\/\/wro.swiss\/wp-content\/uploads\/2018\/09\/3.jpg\" width=\"2048\" height=\"1630\" alt=\"\" title=\"\" aria-label=\"\" class=\"img-responsive wp-image-5369\" srcset=\"https:\/\/wro.swiss\/wp-content\/uploads\/2018\/09\/3-300x239.jpg 300w, https:\/\/wro.swiss\/wp-content\/uploads\/2018\/09\/3-650x517.jpg 650w, https:\/\/wro.swiss\/wp-content\/uploads\/2018\/09\/3-768x611.jpg 768w, https:\/\/wro.swiss\/wp-content\/uploads\/2018\/09\/3-1024x815.jpg 1024w, https:\/\/wro.swiss\/wp-content\/uploads\/2018\/09\/3.jpg 2048w\" sizes=\"(max-width: 2048px) 100vw, 2048px\" \/><\/a><\/div><\/div><div style=\"padding:5px;\" class=\"fusion-grid-column fusion-gallery-column fusion-gallery-column-3 hover-type-none\"><div class=\"fusion-gallery-image\"><a href=\"https:\/\/wro.swiss\/wp-content\/uploads\/2018\/09\/1.jpg\" rel=\"noreferrer\" data-rel=\"iLightbox[gallery_image_1]\" class=\"fusion-lightbox\" target=\"_self\"><img decoding=\"async\" src=\"https:\/\/wro.swiss\/wp-content\/uploads\/2018\/09\/1.jpg\" width=\"2048\" height=\"1212\" alt=\"Cours pour les enseignants et les coachs\" title=\"Cours pour enseignants\" aria-label=\"Cours pour enseignants\" class=\"img-responsive wp-image-5366\" srcset=\"https:\/\/wro.swiss\/wp-content\/uploads\/2018\/09\/1-300x178.jpg 300w, https:\/\/wro.swiss\/wp-content\/uploads\/2018\/09\/1-650x385.jpg 650w, https:\/\/wro.swiss\/wp-content\/uploads\/2018\/09\/1-768x455.jpg 768w, https:\/\/wro.swiss\/wp-content\/uploads\/2018\/09\/1-1024x606.jpg 1024w, https:\/\/wro.swiss\/wp-content\/uploads\/2018\/09\/1.jpg 2048w\" sizes=\"(max-width: 2048px) 100vw, 2048px\" \/><\/a><\/div><\/div><div class=\"clearfix\"><\/div><\/div><\/div><\/div><\/div><\/div><\/div>\n","protected":false},"excerpt":{"rendered":"","protected":false},"author":7,"featured_media":0,"parent":3257,"menu_order":0,"comment_status":"closed","ping_status":"closed","template":"100-width.php","meta":{"inline_featured_image":false,"footnotes":""},"wf_page_folders":[103],"class_list":["post-10658","page","type-page","status-publish","hentry"],"_links":{"self":[{"href":"https:\/\/wro.swiss\/fr\/wp-json\/wp\/v2\/pages\/10658","targetHints":{"allow":["GET"]}}],"collection":[{"href":"https:\/\/wro.swiss\/fr\/wp-json\/wp\/v2\/pages"}],"about":[{"href":"https:\/\/wro.swiss\/fr\/wp-json\/wp\/v2\/types\/page"}],"author":[{"embeddable":true,"href":"https:\/\/wro.swiss\/fr\/wp-json\/wp\/v2\/users\/7"}],"replies":[{"embeddable":true,"href":"https:\/\/wro.swiss\/fr\/wp-json\/wp\/v2\/comments?post=10658"}],"version-history":[{"count":78,"href":"https:\/\/wro.swiss\/fr\/wp-json\/wp\/v2\/pages\/10658\/revisions"}],"predecessor-version":[{"id":24305,"href":"https:\/\/wro.swiss\/fr\/wp-json\/wp\/v2\/pages\/10658\/revisions\/24305"}],"up":[{"embeddable":true,"href":"https:\/\/wro.swiss\/fr\/wp-json\/wp\/v2\/pages\/3257"}],"wp:attachment":[{"href":"https:\/\/wro.swiss\/fr\/wp-json\/wp\/v2\/media?parent=10658"}],"wp:term":[{"taxonomy":"wf_page_folders","embeddable":true,"href":"https:\/\/wro.swiss\/fr\/wp-json\/wp\/v2\/wf_page_folders?post=10658"}],"curies":[{"name":"wp","href":"https:\/\/api.w.org\/{rel}","templated":true}]}}