{"id":10534,"date":"2023-11-30T09:34:34","date_gmt":"2023-11-30T08:34:34","guid":{"rendered":"https:\/\/wro.swiss\/news-2\/"},"modified":"2023-11-30T13:19:36","modified_gmt":"2023-11-30T12:19:36","slug":"nouvelles","status":"publish","type":"page","link":"https:\/\/wro.swiss\/fr\/actualites\/nouvelles\/","title":{"rendered":"Nouvelles"},"content":{"rendered":"<div class=\"fusion-fullwidth fullwidth-box fusion-builder-row-1 fusion-flex-container has-pattern-background has-mask-background nonhundred-percent-fullwidth non-hundred-percent-height-scrolling\" style=\"--awb-border-radius-top-left:0px;--awb-border-radius-top-right:0px;--awb-border-radius-bottom-right:0px;--awb-border-radius-bottom-left:0px;--awb-flex-wrap:wrap;\" ><div class=\"fusion-builder-row fusion-row fusion-flex-align-items-flex-start fusion-flex-content-wrap\" style=\"max-width:1248px;margin-left: calc(-4% \/ 2 );margin-right: calc(-4% \/ 2 );\"><div class=\"fusion-layout-column fusion_builder_column fusion-builder-column-0 fusion_builder_column_1_1 1_1 fusion-flex-column\" style=\"--awb-bg-size:cover;--awb-width-large:100%;--awb-margin-top-large:0px;--awb-spacing-right-large:1.92%;--awb-margin-bottom-large:20px;--awb-spacing-left-large:1.92%;--awb-width-medium:100%;--awb-order-medium:0;--awb-spacing-right-medium:1.92%;--awb-spacing-left-medium:1.92%;--awb-width-small:100%;--awb-order-small:0;--awb-spacing-right-small:1.92%;--awb-spacing-left-small:1.92%;\"><div class=\"fusion-column-wrapper fusion-column-has-shadow fusion-flex-justify-content-flex-start fusion-content-layout-column\"><div class=\"fusion-blog-shortcode fusion-blog-shortcode-1 fusion-blog-archive fusion-blog-layout-grid-wrapper fusion-blog-pagination fusion-blog-layout-left\" style=\"--awb-title-font-size:20px;\"><style type=\"text\/css\">.fusion-blog-shortcode-1 .fusion-blog-layout-grid .fusion-post-grid{padding:20px;}.fusion-blog-shortcode-1 .fusion-posts-container{margin-left: -20px !important; margin-right:-20px !important;}<\/style><div class=\"fusion-posts-container fusion-posts-container-pagination fusion-no-meta-info fusion-blog-rollover fusion-blog-layout-grid fusion-blog-layout-grid-3 isotope fusion-blog-equal-heights\" data-pages=\"3\" data-grid-col-space=\"40\" style=\"margin: -20px -20px 0;min-height:500px;\"><article id=\"blog-1-post-23705\" class=\"fusion-post-grid post-23705 post type-post status-publish format-standard hentry category-general category-news-fr\">\n<div class=\"fusion-post-wrapper\" style=\"background-color:rgba(255,255,255,0);border:1px solid var(--awb-color2);border-bottom-width:3px;\">\n\n<div class=\"fusion-post-content-wrapper\" style=\"padding:30px 25px 25px 25px;\"><div class=\"fusion-post-content post-content\"><h3 class=\"blog-shortcode-post-title entry-title\"><a href=\"https:\/\/wro.swiss\/fr\/wro-a-la-nuit-claire-le-8-novembre-a-baden-ag\/\">WRO \u00e0 la \u00ab\u00a0Nuit claire\u00a0\u00bb le 8 novembre \u00e0 Baden AG<\/a><\/h3><div class=\"fusion-post-content-container\"><p>D\u00e9couvre la World Robot Olympiad (WRO) ! Ici, les enfants et les jeunes programment leurs [...]<\/p><\/div><\/div><\/div><div class=\"fusion-clearfix\"><\/div><\/div>\n<\/article>\n<article id=\"blog-1-post-23712\" class=\"fusion-post-grid post-23712 post type-post status-publish format-standard has-post-thumbnail hentry category-general category-news-fr\">\n<div class=\"fusion-post-wrapper\" style=\"background-color:rgba(255,255,255,0);border:1px solid var(--awb-color2);border-bottom-width:3px;\">\n\n\t\t\t<div class=\"fusion-flexslider flexslider fusion-flexslider-loading fusion-post-slideshow\" style=\"border-color:var(--awb-color2);\">\n\t\t<ul class=\"slides\">\n\t\t\t\n\t\t\t\t\t\t\t\t\t\t\t\t\t\t<li><div  class=\"fusion-image-wrapper\" aria-haspopup=\"true\">\n\t\t\t\t<img decoding=\"async\" width=\"2560\" height=\"1703\" src=\"https:\/\/wro.swiss\/wp-content\/uploads\/2025\/09\/CH-Teams-auf-Future-Innovators-Podest_Spela-Mohoric.jpg\" class=\"attachment-full size-full wp-post-image\" alt=\"\" srcset=\"https:\/\/wro.swiss\/wp-content\/uploads\/2025\/09\/CH-Teams-auf-Future-Innovators-Podest_Spela-Mohoric-200x133.jpg 200w, https:\/\/wro.swiss\/wp-content\/uploads\/2025\/09\/CH-Teams-auf-Future-Innovators-Podest_Spela-Mohoric-400x266.jpg 400w, https:\/\/wro.swiss\/wp-content\/uploads\/2025\/09\/CH-Teams-auf-Future-Innovators-Podest_Spela-Mohoric-600x399.jpg 600w, https:\/\/wro.swiss\/wp-content\/uploads\/2025\/09\/CH-Teams-auf-Future-Innovators-Podest_Spela-Mohoric-800x532.jpg 800w, https:\/\/wro.swiss\/wp-content\/uploads\/2025\/09\/CH-Teams-auf-Future-Innovators-Podest_Spela-Mohoric-1200x798.jpg 1200w, https:\/\/wro.swiss\/wp-content\/uploads\/2025\/09\/CH-Teams-auf-Future-Innovators-Podest_Spela-Mohoric.jpg 2560w\" sizes=\"(min-width: 2200px) 100vw, (min-width: 784px) 373px, (min-width: 712px) 560px, (min-width: 640px) 712px, \" \/><div class=\"fusion-rollover\">\n\t<div class=\"fusion-rollover-content\">\n\n\t\t\t\t\t\t\t\t\t\t\t\t\t\t<a class=\"fusion-rollover-link\" href=\"https:\/\/wro.swiss\/fr\/or-et-2x-bronze-a-lopen-championship-en-slovenie\/\">Or et 2x bronze \u00e0 l&rsquo;Open Championship en Slov\u00e9nie<\/a>\n\t\t\t\n\t\t\t\t\t\t\t\t\t\t\t\t\t\t\n\t\t\t\t\t\t\t\t\n\t\t\t\t\t\t\t\t\t\t\t\t\t<div class=\"fusion-rollover-sep\"><\/div>\n\t\t\t\t\n\t\t\t\t\t\t\t\t\t\t\t\t\t\t\t\t\t\t<a class=\"fusion-rollover-gallery\" href=\"https:\/\/wro.swiss\/wp-content\/uploads\/2025\/09\/CH-Teams-auf-Future-Innovators-Podest_Spela-Mohoric.jpg\" data-options=\"\" data-id=\"23712\" data-rel=\"iLightbox[gallery]\" data-title=\"Les \u00e9quipes suisses sur le podium de Future Innovators\" data-caption=\"(Image : Spela Mohoric)\">\n\t\t\t\t\t\tGallery\t\t\t\t\t<\/a>\n\t\t\t\t\t\t\t\t\t\t\t\t\t\t\n\t\t\n\t\t\t\t\t\t\t\t\t\t\t\t<h4 class=\"fusion-rollover-title\">\n\t\t\t\t\t<a class=\"fusion-rollover-title-link\" href=\"https:\/\/wro.swiss\/fr\/or-et-2x-bronze-a-lopen-championship-en-slovenie\/\">\n\t\t\t\t\t\tOr et 2x bronze \u00e0 l&rsquo;Open Championship en Slov\u00e9nie\t\t\t\t\t<\/a>\n\t\t\t\t<\/h4>\n\t\t\t\n\t\t\t\t\t\t\t\t\t\t<div class=\"fusion-rollover-categories\"><a href=\"https:\/\/wro.swiss\/fr\/category\/general\/\" rel=\"tag\">G\u00e9n\u00e9ral<\/a>, <a href=\"https:\/\/wro.swiss\/fr\/category\/news-fr\/\" rel=\"tag\">News<\/a><\/div>\t\t\t\t\t\n\t\t\n\t\t\t\t\t\t<a class=\"fusion-link-wrapper\" href=\"https:\/\/wro.swiss\/fr\/or-et-2x-bronze-a-lopen-championship-en-slovenie\/\" aria-label=\"Or et 2x bronze \u00e0 l&rsquo;Open Championship en Slov\u00e9nie\"><\/a>\n\t<\/div>\n<\/div>\n<\/div>\n<\/li>\n\t\t\t\n\t\t\t\n\t\t\t\t\t\t\t\t\t\t\t\t\t\t\t\t\t\t\t\t\t\t\t\t\t\t\t\t\t\t\t\t\t\t\t\t\t\t\t\t\t\t\t\t\t\t\t\t\t\t\t\t\t\t\t\t\t\t\t\t\t\t\t\t\t\t\t\t<\/ul>\n\t<\/div>\n\t<div class=\"fusion-post-content-wrapper\" style=\"padding:30px 25px 25px 25px;\"><div class=\"fusion-post-content post-content\"><h3 class=\"blog-shortcode-post-title entry-title\"><a href=\"https:\/\/wro.swiss\/fr\/or-et-2x-bronze-a-lopen-championship-en-slovenie\/\">Or et 2x bronze \u00e0 l&rsquo;Open Championship en Slov\u00e9nie<\/a><\/h3><div class=\"fusion-post-content-container\"><p> Ce texte sert de communiqu\u00e9 de presse et peut \u00eatre utilis\u00e9 \u00e0 condition de [...]<\/p><\/div><\/div><\/div><div class=\"fusion-clearfix\"><\/div><\/div>\n<\/article>\n<article id=\"blog-1-post-21779\" class=\"fusion-post-grid post-21779 post type-post status-publish format-standard hentry category-general category-news-fr category-non-classifiee\">\n<div class=\"fusion-post-wrapper\" style=\"background-color:rgba(255,255,255,0);border:1px solid var(--awb-color2);border-bottom-width:3px;\">\n\n<div class=\"fusion-post-content-wrapper\" style=\"padding:30px 25px 25px 25px;\"><div class=\"fusion-post-content post-content\"><h3 class=\"blog-shortcode-post-title entry-title\"><a href=\"https:\/\/wro.swiss\/fr\/resultats-regios-2025\/\">R\u00e9sultats Regios 2025<\/a><\/h3><div class=\"fusion-post-content-container\"><p>Les Concours r\u00e9gionaux sont class\u00e9s par ordre alphab\u00e9tique. &gt;&gt; Classement g\u00e9n\u00e9ral de tous les participants [...]<\/p><\/div><\/div><\/div><div class=\"fusion-clearfix\"><\/div><\/div>\n<\/article>\n<article id=\"blog-1-post-23709\" class=\"fusion-post-grid post-23709 post type-post status-publish format-standard has-post-thumbnail hentry category-general category-news-fr category-non-classifiee\">\n<div class=\"fusion-post-wrapper\" style=\"background-color:rgba(255,255,255,0);border:1px solid var(--awb-color2);border-bottom-width:3px;\">\n\n\t\t\t<div class=\"fusion-flexslider flexslider fusion-flexslider-loading fusion-post-slideshow\" style=\"border-color:var(--awb-color2);\">\n\t\t<ul class=\"slides\">\n\t\t\t\n\t\t\t\t\t\t\t\t\t\t\t\t\t\t<li><div  class=\"fusion-image-wrapper\" aria-haspopup=\"true\">\n\t\t\t\t<img decoding=\"async\" width=\"2560\" height=\"1920\" src=\"https:\/\/wro.swiss\/wp-content\/uploads\/2024\/10\/97-P9280039-1-scaled.jpg\" class=\"attachment-full size-full wp-post-image\" alt=\"La d\u00e9l\u00e9gation suisse (Thomas Schank)\" \/><div class=\"fusion-rollover\">\n\t<div class=\"fusion-rollover-content\">\n\n\t\t\t\t\t\t\t\t\t\t\t\t\t\t<a class=\"fusion-rollover-link\" href=\"https:\/\/wro.swiss\/fr\/championnat-open-2024-a-brescia-italie\/\">Championnat Open 2024 \u00e0 Brescia, Italie<\/a>\n\t\t\t\n\t\t\t\t\t\t\t\t\t\t\t\t\t\t\n\t\t\t\t\t\t\t\t\n\t\t\t\t\t\t\t\t\t\t\t\t\t<div class=\"fusion-rollover-sep\"><\/div>\n\t\t\t\t\n\t\t\t\t\t\t\t\t\t\t\t\t\t\t\t\t\t\t<a class=\"fusion-rollover-gallery\" href=\"https:\/\/wro.swiss\/wp-content\/uploads\/2024\/10\/97-P9280039-1-scaled.jpg\" data-options=\"\" data-id=\"23709\" data-rel=\"iLightbox[gallery]\" data-title=\"La d\u00e9l\u00e9gation suisse (Thomas Schank)\" data-caption=\"\">\n\t\t\t\t\t\tGallery\t\t\t\t\t<\/a>\n\t\t\t\t\t\t\t\t\t\t\t\t\t\t\n\t\t\n\t\t\t\t\t\t\t\t\t\t\t\t<h4 class=\"fusion-rollover-title\">\n\t\t\t\t\t<a class=\"fusion-rollover-title-link\" href=\"https:\/\/wro.swiss\/fr\/championnat-open-2024-a-brescia-italie\/\">\n\t\t\t\t\t\tChampionnat Open 2024 \u00e0 Brescia, Italie\t\t\t\t\t<\/a>\n\t\t\t\t<\/h4>\n\t\t\t\n\t\t\t\t\t\t\t\t\t\t<div class=\"fusion-rollover-categories\"><a href=\"https:\/\/wro.swiss\/fr\/category\/general\/\" rel=\"tag\">G\u00e9n\u00e9ral<\/a>, <a href=\"https:\/\/wro.swiss\/fr\/category\/news-fr\/\" rel=\"tag\">News<\/a>, <a href=\"https:\/\/wro.swiss\/fr\/category\/non-classifiee\/\" rel=\"tag\">Non classifi\u00e9(e)<\/a><\/div>\t\t\t\t\t\n\t\t\n\t\t\t\t\t\t<a class=\"fusion-link-wrapper\" href=\"https:\/\/wro.swiss\/fr\/championnat-open-2024-a-brescia-italie\/\" aria-label=\"Championnat Open 2024 \u00e0 Brescia, Italie\"><\/a>\n\t<\/div>\n<\/div>\n<\/div>\n<\/li>\n\t\t\t\n\t\t\t\n\t\t\t\t\t\t\t\t\t\t\t\t\t\t\t\t\t\t\t\t\t\t\t\t\t\t\t\t\t\t\t\t\t\t\t\t\t\t\t\t\t\t\t\t\t\t\t\t\t\t\t\t\t\t\t\t\t\t\t\t\t\t\t\t\t\t\t\t<\/ul>\n\t<\/div>\n\t<div class=\"fusion-post-content-wrapper\" style=\"padding:30px 25px 25px 25px;\"><div class=\"fusion-post-content post-content\"><h3 class=\"blog-shortcode-post-title entry-title\"><a href=\"https:\/\/wro.swiss\/fr\/championnat-open-2024-a-brescia-italie\/\">Championnat Open 2024 \u00e0 Brescia, Italie<\/a><\/h3><div class=\"fusion-post-content-container\"><p> Du 25 au 28 septembre, l'Open Championship 2024 a eu lieu \u00e0 Brescia en [...]<\/p><\/div><\/div><\/div><div class=\"fusion-clearfix\"><\/div><\/div>\n<\/article>\n<article id=\"blog-1-post-23838\" class=\"fusion-post-grid post-23838 post type-post status-publish format-standard has-post-thumbnail hentry category-news-fr\">\n<div class=\"fusion-post-wrapper\" style=\"background-color:rgba(255,255,255,0);border:1px solid var(--awb-color2);border-bottom-width:3px;\">\n\n\t\t\t<div class=\"fusion-flexslider flexslider fusion-flexslider-loading fusion-post-slideshow\" style=\"border-color:var(--awb-color2);\">\n\t\t<ul class=\"slides\">\n\t\t\t\n\t\t\t\t\t\t\t\t\t\t\t\t\t\t<li><div  class=\"fusion-image-wrapper\" aria-haspopup=\"true\">\n\t\t\t\t<img decoding=\"async\" width=\"695\" height=\"361\" src=\"https:\/\/wro.swiss\/wp-content\/uploads\/2024\/02\/Starter-Roboter-Beispiel-1.png\" class=\"attachment-full size-full wp-post-image\" alt=\"Un robot Lego Spike Essential\" srcset=\"https:\/\/wro.swiss\/wp-content\/uploads\/2024\/02\/Starter-Roboter-Beispiel-1-200x104.png 200w, https:\/\/wro.swiss\/wp-content\/uploads\/2024\/02\/Starter-Roboter-Beispiel-1-400x208.png 400w, https:\/\/wro.swiss\/wp-content\/uploads\/2024\/02\/Starter-Roboter-Beispiel-1-600x312.png 600w, https:\/\/wro.swiss\/wp-content\/uploads\/2024\/02\/Starter-Roboter-Beispiel-1.png 695w\" sizes=\"(min-width: 2200px) 100vw, (min-width: 784px) 373px, (min-width: 712px) 560px, (min-width: 640px) 712px, \" \/><div class=\"fusion-rollover\">\n\t<div class=\"fusion-rollover-content\">\n\n\t\t\t\t\t\t\t\t\t\t\t\t\t\t<a class=\"fusion-rollover-link\" href=\"https:\/\/wro.swiss\/fr\/nouveau-initiation-gratuite-a-la-robotique-pour-les-plus-jeunes\/\">Nouveau : Initiation GRATUITE \u00e0 la robotique pour les plus jeunes<\/a>\n\t\t\t\n\t\t\t\t\t\t\t\t\t\t\t\t\t\t\n\t\t\t\t\t\t\t\t\n\t\t\t\t\t\t\t\t\t\t\t\t\t<div class=\"fusion-rollover-sep\"><\/div>\n\t\t\t\t\n\t\t\t\t\t\t\t\t\t\t\t\t\t\t\t\t\t\t<a class=\"fusion-rollover-gallery\" href=\"https:\/\/wro.swiss\/wp-content\/uploads\/2024\/02\/Starter-Roboter-Beispiel-1.png\" data-options=\"\" data-id=\"23838\" data-rel=\"iLightbox[gallery]\" data-title=\"Starter-Roboter Beispiel\" data-caption=\"\">\n\t\t\t\t\t\tGallery\t\t\t\t\t<\/a>\n\t\t\t\t\t\t\t\t\t\t\t\t\t\t\n\t\t\n\t\t\t\t\t\t\t\t\t\t\t\t<h4 class=\"fusion-rollover-title\">\n\t\t\t\t\t<a class=\"fusion-rollover-title-link\" href=\"https:\/\/wro.swiss\/fr\/nouveau-initiation-gratuite-a-la-robotique-pour-les-plus-jeunes\/\">\n\t\t\t\t\t\tNouveau : Initiation GRATUITE \u00e0 la robotique pour les plus jeunes\t\t\t\t\t<\/a>\n\t\t\t\t<\/h4>\n\t\t\t\n\t\t\t\t\t\t\t\t\t\t<div class=\"fusion-rollover-categories\"><a href=\"https:\/\/wro.swiss\/fr\/category\/news-fr\/\" rel=\"tag\">News<\/a><\/div>\t\t\t\t\t\n\t\t\n\t\t\t\t\t\t<a class=\"fusion-link-wrapper\" href=\"https:\/\/wro.swiss\/fr\/nouveau-initiation-gratuite-a-la-robotique-pour-les-plus-jeunes\/\" aria-label=\"Nouveau : Initiation GRATUITE \u00e0 la robotique pour les plus jeunes\"><\/a>\n\t<\/div>\n<\/div>\n<\/div>\n<\/li>\n\t\t\t\n\t\t\t\n\t\t\t\t\t\t\t\t\t\t\t\t\t\t\t\t\t\t\t\t\t\t\t\t\t\t\t\t\t\t\t\t\t\t\t\t\t\t\t\t\t\t\t\t\t\t\t\t\t\t\t\t\t\t\t\t\t\t\t\t\t\t\t\t\t\t\t\t<\/ul>\n\t<\/div>\n\t<div class=\"fusion-post-content-wrapper\" style=\"padding:30px 25px 25px 25px;\"><div class=\"fusion-post-content post-content\"><h3 class=\"blog-shortcode-post-title entry-title\"><a href=\"https:\/\/wro.swiss\/fr\/nouveau-initiation-gratuite-a-la-robotique-pour-les-plus-jeunes\/\">Nouveau : Initiation GRATUITE \u00e0 la robotique pour les plus jeunes<\/a><\/h3><div class=\"fusion-post-content-container\"><p> LES DATES DES ATELIERS ET LES T\u00c2CHES POUR LES WRO STARTERS SONT EN LIGNE [...]<\/p><\/div><\/div><\/div><div class=\"fusion-clearfix\"><\/div><\/div>\n<\/article>\n<article id=\"blog-1-post-9659\" class=\"fusion-post-grid post-9659 post type-post status-publish format-standard has-post-thumbnail hentry category-general category-news-fr\">\n<div class=\"fusion-post-wrapper\" style=\"background-color:rgba(255,255,255,0);border:1px solid var(--awb-color2);border-bottom-width:3px;\">\n\n\t\t\t<div class=\"fusion-flexslider flexslider fusion-flexslider-loading fusion-post-slideshow\" style=\"border-color:var(--awb-color2);\">\n\t\t<ul class=\"slides\">\n\t\t\t\n\t\t\t\t\t\t\t\t\t\t\t\t\t\t<li><div  class=\"fusion-image-wrapper\" aria-haspopup=\"true\">\n\t\t\t\t<img decoding=\"async\" width=\"2560\" height=\"1920\" src=\"https:\/\/wro.swiss\/wp-content\/uploads\/2023\/11\/WRO2023_Robolution_Siegerehrung2_Hauschopp-scaled.jpg\" class=\"attachment-full size-full wp-post-image\" alt=\"Mael Strasser et Quirin Meier de l&#039;\u00e9quipe Robolution sont champions du monde\" \/><div class=\"fusion-rollover\">\n\t<div class=\"fusion-rollover-content\">\n\n\t\t\t\t\t\t\t\t\t\t\t\t\t\t<a class=\"fusion-rollover-link\" href=\"https:\/\/wro.swiss\/fr\/la-suisse-est-championne-du-monde\/\">La Suisse est championne du monde !<\/a>\n\t\t\t\n\t\t\t\t\t\t\t\t\t\t\t\t\t\t\n\t\t\t\t\t\t\t\t\n\t\t\t\t\t\t\t\t\t\t\t\t\t<div class=\"fusion-rollover-sep\"><\/div>\n\t\t\t\t\n\t\t\t\t\t\t\t\t\t\t\t\t\t\t\t\t\t\t<a class=\"fusion-rollover-gallery\" href=\"https:\/\/wro.swiss\/wp-content\/uploads\/2023\/11\/WRO2023_Robolution_Siegerehrung2_Hauschopp-scaled.jpg\" data-options=\"\" data-id=\"9659\" data-rel=\"iLightbox[gallery]\" data-title=\"WRO2023_Robolution_Siegerehrung2_Hauschopp\" data-caption=\"Mael Strasser et Quirin Meier de l&#039;\u00e9quipe Robolution sont champions du monde\">\n\t\t\t\t\t\tGallery\t\t\t\t\t<\/a>\n\t\t\t\t\t\t\t\t\t\t\t\t\t\t\n\t\t\n\t\t\t\t\t\t\t\t\t\t\t\t<h4 class=\"fusion-rollover-title\">\n\t\t\t\t\t<a class=\"fusion-rollover-title-link\" href=\"https:\/\/wro.swiss\/fr\/la-suisse-est-championne-du-monde\/\">\n\t\t\t\t\t\tLa Suisse est championne du monde !\t\t\t\t\t<\/a>\n\t\t\t\t<\/h4>\n\t\t\t\n\t\t\t\t\t\t\t\t\t\t<div class=\"fusion-rollover-categories\"><a href=\"https:\/\/wro.swiss\/fr\/category\/general\/\" rel=\"tag\">G\u00e9n\u00e9ral<\/a>, <a href=\"https:\/\/wro.swiss\/fr\/category\/news-fr\/\" rel=\"tag\">News<\/a><\/div>\t\t\t\t\t\n\t\t\n\t\t\t\t\t\t<a class=\"fusion-link-wrapper\" href=\"https:\/\/wro.swiss\/fr\/la-suisse-est-championne-du-monde\/\" aria-label=\"La Suisse est championne du monde !\"><\/a>\n\t<\/div>\n<\/div>\n<\/div>\n<\/li>\n\t\t\t\n\t\t\t\n\t\t\t\t\t\t\t\t\t\t\t\t\t\t\t\t\t\t\t\t\t\t\t\t\t\t\t\t\t\t\t\t\t\t\t\t\t\t\t\t\t\t\t\t\t\t\t\t\t\t\t\t\t\t\t\t\t\t\t\t\t\t\t\t\t\t\t\t<\/ul>\n\t<\/div>\n\t<div class=\"fusion-post-content-wrapper\" style=\"padding:30px 25px 25px 25px;\"><div class=\"fusion-post-content post-content\"><h3 class=\"blog-shortcode-post-title entry-title\"><a href=\"https:\/\/wro.swiss\/fr\/la-suisse-est-championne-du-monde\/\">La Suisse est championne du monde !<\/a><\/h3><div class=\"fusion-post-content-container\"><p>L'\u00e9quipe Robolution (Quirin Meier et Mael Strasser de Scherz AG) remporte la premi\u00e8re place dans [...]<\/p><\/div><\/div><\/div><div class=\"fusion-clearfix\"><\/div><\/div>\n<\/article>\n<article id=\"blog-1-post-23672\" class=\"fusion-post-grid post-23672 post type-post status-publish format-standard hentry category-general category-news-fr\">\n<div class=\"fusion-post-wrapper\" style=\"background-color:rgba(255,255,255,0);border:1px solid var(--awb-color2);border-bottom-width:3px;\">\n\n<div class=\"fusion-post-content-wrapper\" style=\"padding:30px 25px 25px 25px;\"><div class=\"fusion-post-content post-content\"><h3 class=\"blog-shortcode-post-title entry-title\"><a href=\"https:\/\/wro.swiss\/fr\/friendship-invitational-odense-21-24-septembre-2023\/\">Friendship Invitational Odense 21 &#8211; 24 septembre 2023<\/a><\/h3><div class=\"fusion-post-content-container\"><p> L'ann\u00e9e internationale a commenc\u00e9 par un retour tr\u00e8s attendu : le tournoi amical au [...]<\/p><\/div><\/div><\/div><div class=\"fusion-clearfix\"><\/div><\/div>\n<\/article>\n<article id=\"blog-1-post-10195\" class=\"fusion-post-grid post-10195 post type-post status-publish format-standard has-post-thumbnail hentry category-general category-news-fr\">\n<div class=\"fusion-post-wrapper\" style=\"background-color:rgba(255,255,255,0);border:1px solid var(--awb-color2);border-bottom-width:3px;\">\n\n\t\t\t<div class=\"fusion-flexslider flexslider fusion-flexslider-loading fusion-post-slideshow\" style=\"border-color:var(--awb-color2);\">\n\t\t<ul class=\"slides\">\n\t\t\t\n\t\t\t\t\t\t\t\t\t\t\t\t\t\t<li><div  class=\"fusion-image-wrapper\" aria-haspopup=\"true\">\n\t\t\t\t<img decoding=\"async\" width=\"2560\" height=\"1154\" src=\"https:\/\/wro.swiss\/wp-content\/uploads\/2023\/11\/20230916_155816-scaled.jpg\" class=\"attachment-full size-full wp-post-image\" alt=\"Bonne ambiance au camp de robotique des filles\" \/><div class=\"fusion-rollover\">\n\t<div class=\"fusion-rollover-content\">\n\n\t\t\t\t\t\t\t\t\t\t\t\t\t\t<a class=\"fusion-rollover-link\" href=\"https:\/\/wro.swiss\/fr\/le-premier-camp-de-robotique-pour-filles\/\">Le premier camp de robotique pour filles<\/a>\n\t\t\t\n\t\t\t\t\t\t\t\t\t\t\t\t\t\t\n\t\t\t\t\t\t\t\t\n\t\t\t\t\t\t\t\t\t\t\t\t\t<div class=\"fusion-rollover-sep\"><\/div>\n\t\t\t\t\n\t\t\t\t\t\t\t\t\t\t\t\t\t\t\t\t\t\t<a class=\"fusion-rollover-gallery\" href=\"https:\/\/wro.swiss\/wp-content\/uploads\/2023\/11\/20230916_155816-scaled.jpg\" data-options=\"\" data-id=\"10195\" data-rel=\"iLightbox[gallery]\" data-title=\"Camp de filles 2023\" data-caption=\"\">\n\t\t\t\t\t\tGallery\t\t\t\t\t<\/a>\n\t\t\t\t\t\t\t\t\t\t\t\t\t\t\n\t\t\n\t\t\t\t\t\t\t\t\t\t\t\t<h4 class=\"fusion-rollover-title\">\n\t\t\t\t\t<a class=\"fusion-rollover-title-link\" href=\"https:\/\/wro.swiss\/fr\/le-premier-camp-de-robotique-pour-filles\/\">\n\t\t\t\t\t\tLe premier camp de robotique pour filles\t\t\t\t\t<\/a>\n\t\t\t\t<\/h4>\n\t\t\t\n\t\t\t\t\t\t\t\t\t\t<div class=\"fusion-rollover-categories\"><a href=\"https:\/\/wro.swiss\/fr\/category\/general\/\" rel=\"tag\">G\u00e9n\u00e9ral<\/a>, <a href=\"https:\/\/wro.swiss\/fr\/category\/news-fr\/\" rel=\"tag\">News<\/a><\/div>\t\t\t\t\t\n\t\t\n\t\t\t\t\t\t<a class=\"fusion-link-wrapper\" href=\"https:\/\/wro.swiss\/fr\/le-premier-camp-de-robotique-pour-filles\/\" aria-label=\"Le premier camp de robotique pour filles\"><\/a>\n\t<\/div>\n<\/div>\n<\/div>\n<\/li>\n\t\t\t\n\t\t\t\n\t\t\t\t\t\t\t\t\t\t\t\t\t\t\t\t\t\t\t\t\t\t\t\t\t\t\t\t\t\t\t\t\t\t\t\t\t\t\t\t\t\t\t\t\t\t\t\t\t\t\t\t\t\t\t\t\t\t\t\t\t\t\t\t\t\t\t\t<\/ul>\n\t<\/div>\n\t<div class=\"fusion-post-content-wrapper\" style=\"padding:30px 25px 25px 25px;\"><div class=\"fusion-post-content post-content\"><h3 class=\"blog-shortcode-post-title entry-title\"><a href=\"https:\/\/wro.swiss\/fr\/le-premier-camp-de-robotique-pour-filles\/\">Le premier camp de robotique pour filles<\/a><\/h3><div class=\"fusion-post-content-container\"><p>En septembre 2023, la WRO a organis\u00e9 pour la premi\u00e8re fois un camp de robotique [...]<\/p><\/div><\/div><\/div><div class=\"fusion-clearfix\"><\/div><\/div>\n<\/article>\n<article id=\"blog-1-post-10200\" class=\"fusion-post-grid post-10200 post type-post status-publish format-standard has-post-thumbnail hentry category-news-fr category-non-classifiee\">\n<div class=\"fusion-post-wrapper\" style=\"background-color:rgba(255,255,255,0);border:1px solid var(--awb-color2);border-bottom-width:3px;\">\n\n\t\t\t<div class=\"fusion-flexslider flexslider fusion-flexslider-loading fusion-post-slideshow\" style=\"border-color:var(--awb-color2);\">\n\t\t<ul class=\"slides\">\n\t\t\t\n\t\t\t\t\t\t\t\t\t\t\t\t\t\t<li><div  class=\"fusion-image-wrapper\" aria-haspopup=\"true\">\n\t\t\t\t<img decoding=\"async\" width=\"1417\" height=\"1089\" src=\"https:\/\/wro.swiss\/wp-content\/uploads\/2023\/05\/DSC_1615_kleiner_cropped.jpg\" class=\"attachment-full size-full wp-post-image\" alt=\"\" \/><div class=\"fusion-rollover\">\n\t<div class=\"fusion-rollover-content\">\n\n\t\t\t\t\t\t\t\t\t\t\t\t\t\t<a class=\"fusion-rollover-link\" href=\"https:\/\/wro.swiss\/fr\/record-de-la-region\/\">Jamais autant de concours r\u00e9gionaux !<\/a>\n\t\t\t\n\t\t\t\t\t\t\t\t\t\t\t\t\t\t\n\t\t\t\t\t\t\t\t\n\t\t\t\t\t\t\t\t\t\t\t\t\t<div class=\"fusion-rollover-sep\"><\/div>\n\t\t\t\t\n\t\t\t\t\t\t\t\t\t\t\t\t\t\t\t\t\t\t<a class=\"fusion-rollover-gallery\" href=\"https:\/\/wro.swiss\/wp-content\/uploads\/2023\/05\/DSC_1615_kleiner_cropped.jpg\" data-options=\"\" data-id=\"10200\" data-rel=\"iLightbox[gallery]\" data-title=\"DSC_1615_kleiner_cropped\" data-caption=\"\">\n\t\t\t\t\t\tGallery\t\t\t\t\t<\/a>\n\t\t\t\t\t\t\t\t\t\t\t\t\t\t\n\t\t\n\t\t\t\t\t\t\t\t\t\t\t\t<h4 class=\"fusion-rollover-title\">\n\t\t\t\t\t<a class=\"fusion-rollover-title-link\" href=\"https:\/\/wro.swiss\/fr\/record-de-la-region\/\">\n\t\t\t\t\t\tJamais autant de concours r\u00e9gionaux !\t\t\t\t\t<\/a>\n\t\t\t\t<\/h4>\n\t\t\t\n\t\t\t\t\t\t\t\t\t\t<div class=\"fusion-rollover-categories\"><a href=\"https:\/\/wro.swiss\/fr\/category\/news-fr\/\" rel=\"tag\">News<\/a>, <a href=\"https:\/\/wro.swiss\/fr\/category\/non-classifiee\/\" rel=\"tag\">Non classifi\u00e9(e)<\/a><\/div>\t\t\t\t\t\n\t\t\n\t\t\t\t\t\t<a class=\"fusion-link-wrapper\" href=\"https:\/\/wro.swiss\/fr\/record-de-la-region\/\" aria-label=\"Jamais autant de concours r\u00e9gionaux !\"><\/a>\n\t<\/div>\n<\/div>\n<\/div>\n<\/li>\n\t\t\t\n\t\t\t\n\t\t\t\t\t\t\t\t\t\t\t\t\t\t\t\t\t\t\t\t\t\t\t\t\t\t\t\t\t\t\t\t\t\t\t\t\t\t\t\t\t\t\t\t\t\t\t\t\t\t\t\t\t\t\t\t\t\t\t\t\t\t\t\t\t\t\t\t<\/ul>\n\t<\/div>\n\t<div class=\"fusion-post-content-wrapper\" style=\"padding:30px 25px 25px 25px;\"><div class=\"fusion-post-content post-content\"><h3 class=\"blog-shortcode-post-title entry-title\"><a href=\"https:\/\/wro.swiss\/fr\/record-de-la-region\/\">Jamais autant de concours r\u00e9gionaux !<\/a><\/h3><div class=\"fusion-post-content-container\"><p>Il n'y a jamais eu autant de concours r\u00e9gionaux (9), ni autant d'\u00e9quipes (154) et [...]<\/p><\/div><\/div><\/div><div class=\"fusion-clearfix\"><\/div><\/div>\n<\/article>\n<div class=\"fusion-clearfix\"><\/div><\/div><div class=\"pagination clearfix\"><span class=\"current\">1<\/span><a href=\"https:\/\/wro.swiss\/fr\/wp-json\/wp\/v2\/pages\/10534\/page\/2\/\" class=\"inactive\">2<\/a><a class=\"pagination-next\" rel=\"next\" href=\"https:\/\/wro.swiss\/fr\/wp-json\/wp\/v2\/pages\/10534\/page\/2\/\"><span class=\"page-text\">Next<\/span><span class=\"page-next\"><\/span><\/a><\/div><div class=\"fusion-clearfix\"><\/div><\/div><\/div><\/div><\/div><\/div>\n","protected":false},"excerpt":{"rendered":"<p>yes<\/p>\n","protected":false},"author":7,"featured_media":0,"parent":4438,"menu_order":0,"comment_status":"closed","ping_status":"closed","template":"100-width.php","meta":{"inline_featured_image":false,"footnotes":""},"wf_page_folders":[],"class_list":["post-10534","page","type-page","status-publish","hentry"],"_links":{"self":[{"href":"https:\/\/wro.swiss\/fr\/wp-json\/wp\/v2\/pages\/10534","targetHints":{"allow":["GET"]}}],"collection":[{"href":"https:\/\/wro.swiss\/fr\/wp-json\/wp\/v2\/pages"}],"about":[{"href":"https:\/\/wro.swiss\/fr\/wp-json\/wp\/v2\/types\/page"}],"author":[{"embeddable":true,"href":"https:\/\/wro.swiss\/fr\/wp-json\/wp\/v2\/users\/7"}],"replies":[{"embeddable":true,"href":"https:\/\/wro.swiss\/fr\/wp-json\/wp\/v2\/comments?post=10534"}],"version-history":[{"count":2,"href":"https:\/\/wro.swiss\/fr\/wp-json\/wp\/v2\/pages\/10534\/revisions"}],"predecessor-version":[{"id":10571,"href":"https:\/\/wro.swiss\/fr\/wp-json\/wp\/v2\/pages\/10534\/revisions\/10571"}],"up":[{"embeddable":true,"href":"https:\/\/wro.swiss\/fr\/wp-json\/wp\/v2\/pages\/4438"}],"wp:attachment":[{"href":"https:\/\/wro.swiss\/fr\/wp-json\/wp\/v2\/media?parent=10534"}],"wp:term":[{"taxonomy":"wf_page_folders","embeddable":true,"href":"https:\/\/wro.swiss\/fr\/wp-json\/wp\/v2\/wf_page_folders?post=10534"}],"curies":[{"name":"wp","href":"https:\/\/api.w.org\/{rel}","templated":true}]}}