{"id":10127,"date":"2023-11-23T21:06:38","date_gmt":"2023-11-23T20:06:38","guid":{"rendered":"https:\/\/wro.swiss\/?page_id=10127"},"modified":"2025-11-03T10:24:53","modified_gmt":"2025-11-03T09:24:53","slug":"categories-et-classes-d-age","status":"publish","type":"page","link":"https:\/\/wro.swiss\/fr\/informations\/categories-et-classes-d-age\/","title":{"rendered":"Cat\u00e9gories et classes d&rsquo;\u00e2ge"},"content":{"rendered":"<p><div class=\"fusion-fullwidth fullwidth-box fusion-builder-row-1 fusion-flex-container has-pattern-background has-mask-background nonhundred-percent-fullwidth non-hundred-percent-height-scrolling\" style=\"--awb-border-radius-top-left:0px;--awb-border-radius-top-right:0px;--awb-border-radius-bottom-right:0px;--awb-border-radius-bottom-left:0px;--awb-flex-wrap:wrap;\" ><div class=\"fusion-builder-row fusion-row fusion-flex-align-items-flex-start fusion-flex-content-wrap\" style=\"max-width:1248px;margin-left: calc(-4% \/ 2 );margin-right: calc(-4% \/ 2 );\"><div class=\"fusion-layout-column fusion_builder_column fusion-builder-column-0 fusion_builder_column_1_4 1_4 fusion-flex-column fusion-flex-align-self-stretch\" style=\"--awb-bg-color:var(--awb-color4);--awb-bg-color-hover:var(--awb-color4);--awb-bg-size:cover;--awb-width-large:25%;--awb-margin-top-large:0px;--awb-spacing-right-large:7.68%;--awb-margin-bottom-large:20px;--awb-spacing-left-large:7.68%;--awb-width-medium:25%;--awb-order-medium:0;--awb-spacing-right-medium:7.68%;--awb-spacing-left-medium:7.68%;--awb-width-small:100%;--awb-order-small:0;--awb-spacing-right-small:1.92%;--awb-spacing-left-small:1.92%;\"><div class=\"fusion-column-wrapper fusion-column-has-shadow fusion-flex-justify-content-flex-start fusion-content-layout-column\"><div class=\"fusion-title title fusion-title-1 fusion-sep-none fusion-title-text fusion-title-size-two\" style=\"--awb-margin-top-small:10px;--awb-margin-right-small:0px;--awb-margin-bottom-small:10px;--awb-margin-left-small:0px;\"><h2 class=\"fusion-title-heading title-heading-left\" style=\"margin:0;\"><h3 id=\"single\" class=\"fusion-responsive-typography-calculated\" data-fontsize=\"40\" data-lineheight=\"48px\">RoboMission<\/h3><\/h2><\/div><div class=\"fusion-image-element \" style=\"--awb-caption-title-font-family:var(--h2_typography-font-family);--awb-caption-title-font-weight:var(--h2_typography-font-weight);--awb-caption-title-font-style:var(--h2_typography-font-style);--awb-caption-title-size:var(--h2_typography-font-size);--awb-caption-title-transform:var(--h2_typography-text-transform);--awb-caption-title-line-height:var(--h2_typography-line-height);--awb-caption-title-letter-spacing:var(--h2_typography-letter-spacing);\"><span class=\" fusion-imageframe imageframe-none imageframe-1 hover-type-none\"><img decoding=\"async\" width=\"2200\" height=\"2200\" alt=\"Cat\u00e9gorie RoboMission\" title=\"Ic\u00f4ne-RoboMission_blanche-BG\" src=\"https:\/\/wro.swiss\/wp-content\/uploads\/2023\/01\/Icon-RoboMission_white-BG.png\" class=\"img-responsive wp-image-7618\" srcset=\"https:\/\/wro.swiss\/wp-content\/uploads\/2023\/01\/Icon-RoboMission_white-BG-200x200.png 200w, https:\/\/wro.swiss\/wp-content\/uploads\/2023\/01\/Icon-RoboMission_white-BG.png 2200w\" sizes=\"(max-width: 640px) 100vw, 2200px\" \/><\/span><\/div><div class=\"fusion-text fusion-text-1\" style=\"--awb-margin-top:20px;\"><p><strong>Le concours classique.<\/strong><\/p>\n<ul>\n<li>Tu as un terrain de jeu pr\u00e9d\u00e9fini avec des t\u00e2ches connues.<\/li>\n<li>Votre robot r\u00e9sout les t\u00e2ches de mani\u00e8re autonome.<\/li>\n<li>Vous avez deux minutes pour marquer le plus de points possible.<\/li>\n<\/ul>\n<\/div><div ><a class=\"fusion-button button-flat fusion-button-default-size button-default fusion-button-default button-1 fusion-button-default-span fusion-button-default-type\" target=\"_self\" href=\"https:\/\/wro.swiss\/fr\/informations\/categories-et-classes-d-age\/la-categorie-robomission\/\"><span class=\"fusion-button-text awb-button__text awb-button__text--default\">Lire la suite<\/span><\/a><\/div><\/div><\/div><div class=\"fusion-layout-column fusion_builder_column fusion-builder-column-1 fusion_builder_column_1_4 1_4 fusion-flex-column fusion-flex-align-self-stretch\" style=\"--awb-bg-color:var(--awb-color5);--awb-bg-color-hover:var(--awb-color5);--awb-bg-size:cover;--awb-width-large:25%;--awb-margin-top-large:0px;--awb-spacing-right-large:7.68%;--awb-margin-bottom-large:20px;--awb-spacing-left-large:7.68%;--awb-width-medium:25%;--awb-order-medium:0;--awb-spacing-right-medium:7.68%;--awb-spacing-left-medium:7.68%;--awb-width-small:100%;--awb-order-small:0;--awb-spacing-right-small:1.92%;--awb-spacing-left-small:1.92%;\"><div class=\"fusion-column-wrapper fusion-column-has-shadow fusion-flex-justify-content-flex-start fusion-content-layout-column\"><div class=\"fusion-title title fusion-title-2 fusion-sep-none fusion-title-text fusion-title-size-two\" style=\"--awb-margin-top-small:10px;--awb-margin-right-small:0px;--awb-margin-bottom-small:10px;--awb-margin-left-small:0px;\"><h2 class=\"fusion-title-heading title-heading-left\" style=\"margin:0;\"><h3 id=\"family\" class=\"fusion-responsive-typography-calculated\" data-fontsize=\"40\" data-lineheight=\"48px\"><strong>Future Innovators<\/strong><\/h3><\/h2><\/div><div class=\"fusion-image-element \" style=\"--awb-caption-title-font-family:var(--h2_typography-font-family);--awb-caption-title-font-weight:var(--h2_typography-font-weight);--awb-caption-title-font-style:var(--h2_typography-font-style);--awb-caption-title-size:var(--h2_typography-font-size);--awb-caption-title-transform:var(--h2_typography-text-transform);--awb-caption-title-line-height:var(--h2_typography-line-height);--awb-caption-title-letter-spacing:var(--h2_typography-letter-spacing);\"><span class=\" fusion-imageframe imageframe-none imageframe-2 hover-type-none\"><img decoding=\"async\" width=\"2200\" height=\"2200\" title=\"Ic\u00f4ne-Future-Innovators_white-BG\" src=\"https:\/\/wro.swiss\/wp-content\/uploads\/2023\/01\/Icon-Future-Innovators_white-BG.png\" alt class=\"img-responsive wp-image-7622\" srcset=\"https:\/\/wro.swiss\/wp-content\/uploads\/2023\/01\/Icon-Future-Innovators_white-BG-200x200.png 200w, https:\/\/wro.swiss\/wp-content\/uploads\/2023\/01\/Icon-Future-Innovators_white-BG.png 2200w\" sizes=\"(max-width: 640px) 100vw, 2200px\" \/><\/span><\/div><div class=\"fusion-text fusion-text-2\" style=\"--awb-margin-top:20px;\"><p><strong>Le projet de recherche.<\/strong><\/p>\n<ul class=\"has-normal-font-size\">\n<li>Vous vous occupez du th\u00e8me de l&rsquo;ann\u00e9e.<\/li>\n<li>Vous r\u00e9fl\u00e9chissez \u00e0 la mani\u00e8re dont la robotique peut contribuer \u00e0 r\u00e9soudre un probl\u00e8me concret dans le monde.<\/li>\n<li>Vous construisez un prototype de robot<\/li>\n<\/ul>\n<\/div><div ><a class=\"fusion-button button-flat fusion-button-default-size button-default fusion-button-default button-2 fusion-button-default-span fusion-button-default-type\" target=\"_self\" href=\"https:\/\/wro.swiss\/fr\/informations\/categories-et-classes-d-age\/fi-fr\/\"><span class=\"fusion-button-text awb-button__text awb-button__text--default\">Lire la suite<\/span><\/a><\/div><\/div><\/div><div class=\"fusion-layout-column fusion_builder_column fusion-builder-column-2 fusion_builder_column_1_4 1_4 fusion-flex-column fusion-flex-align-self-stretch\" style=\"--awb-bg-color:var(--awb-custom_color_3);--awb-bg-color-hover:var(--awb-custom_color_3);--awb-bg-size:cover;--awb-width-large:25%;--awb-margin-top-large:0px;--awb-spacing-right-large:7.68%;--awb-margin-bottom-large:20px;--awb-spacing-left-large:7.68%;--awb-width-medium:25%;--awb-order-medium:0;--awb-spacing-right-medium:7.68%;--awb-spacing-left-medium:7.68%;--awb-width-small:100%;--awb-order-small:0;--awb-spacing-right-small:1.92%;--awb-spacing-left-small:1.92%;\"><div class=\"fusion-column-wrapper fusion-column-has-shadow fusion-flex-justify-content-flex-start fusion-content-layout-column\"><div class=\"fusion-title title fusion-title-3 fusion-sep-none fusion-title-text fusion-title-size-two\" style=\"--awb-margin-top-small:10px;--awb-margin-right-small:0px;--awb-margin-bottom-small:10px;--awb-margin-left-small:0px;\"><h2 class=\"fusion-title-heading title-heading-left\" style=\"margin:0;\"><h3 id=\"family\" class=\"fusion-responsive-typography-calculated\" data-fontsize=\"40\" data-lineheight=\"48px\"><strong>Cat\u00e9gorie Starter<\/strong><\/h3><\/h2><\/div><div class=\"fusion-image-element \" style=\"--awb-caption-title-font-family:var(--h2_typography-font-family);--awb-caption-title-font-weight:var(--h2_typography-font-weight);--awb-caption-title-font-style:var(--h2_typography-font-style);--awb-caption-title-size:var(--h2_typography-font-size);--awb-caption-title-transform:var(--h2_typography-text-transform);--awb-caption-title-line-height:var(--h2_typography-line-height);--awb-caption-title-letter-spacing:var(--h2_typography-letter-spacing);\"><span class=\" fusion-imageframe imageframe-none imageframe-3 hover-type-none\"><img decoding=\"async\" width=\"2200\" height=\"2200\" alt=\"WRO Starter\" title=\"WRO Starter\" src=\"https:\/\/wro.swiss\/wp-content\/uploads\/2024\/11\/Starter-Symbol-dunkel-white-BG.png\" class=\"img-responsive wp-image-14347\" srcset=\"https:\/\/wro.swiss\/wp-content\/uploads\/2024\/11\/Starter-Symbol-dunkel-white-BG-200x200.png 200w, https:\/\/wro.swiss\/wp-content\/uploads\/2024\/11\/Starter-Symbol-dunkel-white-BG-400x400.png 400w, https:\/\/wro.swiss\/wp-content\/uploads\/2024\/11\/Starter-Symbol-dunkel-white-BG-600x600.png 600w, https:\/\/wro.swiss\/wp-content\/uploads\/2024\/11\/Starter-Symbol-dunkel-white-BG-800x800.png 800w, https:\/\/wro.swiss\/wp-content\/uploads\/2024\/11\/Starter-Symbol-dunkel-white-BG-1200x1200.png 1200w, https:\/\/wro.swiss\/wp-content\/uploads\/2024\/11\/Starter-Symbol-dunkel-white-BG.png 2200w\" sizes=\"(max-width: 640px) 100vw, 400px\" \/><\/span><\/div><div class=\"fusion-text fusion-text-3\" style=\"--awb-margin-top:20px;\"><p><strong>Pour les premiers essais de robotique.<\/strong><\/p>\n<ul>\n<li>Pour les roboticiens et les roboticiennes \u00e0 partir de 6 ans.<\/li>\n<li>Vous avez des t\u00e2ches un peu plus simples que dans RoboMission.<\/li>\n<li>Nous proposons des ateliers o\u00f9 vous pouvez vous pr\u00e9parer de mani\u00e8re cibl\u00e9e au concours.<\/li>\n<\/ul>\n<\/div><div ><a class=\"fusion-button button-flat fusion-button-default-size button-default fusion-button-default button-3 fusion-button-default-span fusion-button-default-type\" target=\"_self\" href=\"https:\/\/wro.swiss\/fr\/informations\/categories-et-classes-d-age\/wro-starter\/\"><span class=\"fusion-button-text awb-button__text awb-button__text--default\">Lire la suite<\/span><\/a><\/div><\/div><\/div><div class=\"fusion-layout-column fusion_builder_column fusion-builder-column-3 fusion_builder_column_1_4 1_4 fusion-flex-column fusion-flex-align-self-stretch\" style=\"--awb-bg-color:var(--awb-custom_color_7);--awb-bg-color-hover:var(--awb-custom_color_7);--awb-bg-size:cover;--awb-width-large:25%;--awb-margin-top-large:0px;--awb-spacing-right-large:7.68%;--awb-margin-bottom-large:20px;--awb-spacing-left-large:7.68%;--awb-width-medium:25%;--awb-order-medium:0;--awb-spacing-right-medium:7.68%;--awb-spacing-left-medium:7.68%;--awb-width-small:100%;--awb-order-small:0;--awb-spacing-right-small:1.92%;--awb-spacing-left-small:1.92%;\"><div class=\"fusion-column-wrapper fusion-column-has-shadow fusion-flex-justify-content-flex-start fusion-content-layout-column\"><div class=\"fusion-title title fusion-title-4 fusion-sep-none fusion-title-text fusion-title-size-two\" style=\"--awb-margin-top-small:10px;--awb-margin-right-small:0px;--awb-margin-bottom-small:10px;--awb-margin-left-small:0px;\"><h2 class=\"fusion-title-heading title-heading-left\" style=\"margin:0;\"><h3 id=\"family\" class=\"fusion-responsive-typography-calculated\" data-fontsize=\"40\" data-lineheight=\"48px\"><strong>Future Engineers<\/strong><\/h3><\/h2><\/div><div class=\"fusion-image-element \" style=\"--awb-aspect-ratio:4 \/ 3;--awb-caption-title-font-family:var(--h2_typography-font-family);--awb-caption-title-font-weight:var(--h2_typography-font-weight);--awb-caption-title-font-style:var(--h2_typography-font-style);--awb-caption-title-size:var(--h2_typography-font-size);--awb-caption-title-transform:var(--h2_typography-text-transform);--awb-caption-title-line-height:var(--h2_typography-line-height);--awb-caption-title-letter-spacing:var(--h2_typography-letter-spacing);\"><span class=\" fusion-imageframe imageframe-none imageframe-4 hover-type-none has-aspect-ratio\"><img decoding=\"async\" width=\"568\" height=\"568\" title=\"Future Engineers\" src=\"https:\/\/wro.swiss\/wp-content\/uploads\/2024\/06\/Kategorie-Icon_Future-Engineers_whiteBG.png\" class=\"img-responsive wp-image-13907 img-with-aspect-ratio\" data-parent-fit=\"cover\" data-parent-container=\".fusion-image-element\" alt srcset=\"https:\/\/wro.swiss\/wp-content\/uploads\/2024\/06\/Kategorie-Icon_Future-Engineers_whiteBG-200x200.png 200w, https:\/\/wro.swiss\/wp-content\/uploads\/2024\/06\/Kategorie-Icon_Future-Engineers_whiteBG-400x400.png 400w, https:\/\/wro.swiss\/wp-content\/uploads\/2024\/06\/Kategorie-Icon_Future-Engineers_whiteBG.png 568w\" sizes=\"(max-width: 640px) 100vw, 400px\" \/><\/span><\/div><div class=\"fusion-text fusion-text-4\" style=\"--awb-margin-top:20px;\"><p><strong>Le projet technique<\/strong><\/p>\n<ul>\n<li>Pour les adolescents et jeunes adultes de 14 \u00e0 22 ans<\/li>\n<li>Construire et programmer une voiture robot autonome qui effectue un parcours al\u00e9atoire de 9m2.<\/li>\n<li>Libre choix du langage de programmation et du mat\u00e9riel<\/li>\n<\/ul>\n<\/div><div ><a class=\"fusion-button button-flat fusion-button-default-size button-default fusion-button-default button-4 fusion-button-default-span fusion-button-default-type\" target=\"_self\" href=\"https:\/\/wro.swiss\/fr\/informations\/categories-et-classes-d-age\/a-partir-de-2025-future-engineers\/\"><span class=\"fusion-button-text awb-button__text awb-button__text--default\">Lire la suite<\/span><\/a><\/div><\/div><\/div><\/div><\/div><div class=\"fusion-fullwidth fullwidth-box fusion-builder-row-2 fusion-flex-container has-pattern-background has-mask-background nonhundred-percent-fullwidth non-hundred-percent-height-scrolling\" style=\"--awb-border-radius-top-left:0px;--awb-border-radius-top-right:0px;--awb-border-radius-bottom-right:0px;--awb-border-radius-bottom-left:0px;--awb-flex-wrap:wrap;\" ><div class=\"fusion-builder-row fusion-row fusion-flex-align-items-flex-start fusion-flex-content-wrap\" style=\"max-width:1248px;margin-left: calc(-4% \/ 2 );margin-right: calc(-4% \/ 2 );\"><div class=\"fusion-layout-column fusion_builder_column fusion-builder-column-4 fusion_builder_column_1_1 1_1 fusion-flex-column\" style=\"--awb-bg-size:cover;--awb-width-large:100%;--awb-margin-top-large:0px;--awb-spacing-right-large:1.92%;--awb-margin-bottom-large:20px;--awb-spacing-left-large:1.92%;--awb-width-medium:100%;--awb-order-medium:0;--awb-spacing-right-medium:1.92%;--awb-spacing-left-medium:1.92%;--awb-width-small:100%;--awb-order-small:0;--awb-spacing-right-small:1.92%;--awb-spacing-left-small:1.92%;\"><div class=\"fusion-column-wrapper fusion-column-has-shadow fusion-flex-justify-content-flex-start fusion-content-layout-column\"><div class=\"fusion-title title fusion-title-5 fusion-sep-none fusion-title-text fusion-title-size-two\" style=\"--awb-margin-top-small:10px;--awb-margin-right-small:0px;--awb-margin-bottom-small:10px;--awb-margin-left-small:0px;\"><h2 class=\"fusion-title-heading title-heading-left\" style=\"margin:0;\"><h3>Classes d&rsquo;\u00e2ge (valable en 2026)<\/h3><\/h2><\/div>\n<div class=\"table-2\">\n<p>&nbsp;<\/p>\n<table width=\"100%\">\n<thead>\n<tr>\n<th align=\"left\">Classes d&rsquo;\u00e2ge<\/th>\n<th align=\"left\">\u00c2ges<\/th>\n<th align=\"left\">Ann\u00e9es de naissance<\/th>\n<\/tr>\n<\/thead>\n<tbody>\n<tr>\n<td align=\"left\"><span style=\"color: #ffcc00;\"><strong>RoboMission<\/strong><\/span> et <strong><span style=\"color: #ff0000;\">Future Innovators<\/span><\/strong><\/td>\n<td align=\"left\"><\/td>\n<td align=\"left\"><\/td>\n<\/tr>\n<tr>\n<td align=\"left\">      \u00c9l\u00e9mentaire<\/td>\n<td align=\"left\">De 8 \u00e0 12 ans<\/td>\n<td align=\"left\">De 2014 \u00e0 2018<\/td>\n<\/tr>\n<tr>\n<td align=\"left\"> Junior<\/td>\n<td align=\"left\">De 11 \u00e0 15 ans<\/td>\n<td align=\"left\">De 2011 \u00e0 2015<\/td>\n<\/tr>\n<tr>\n<td align=\"left\"> Senior<\/td>\n<td align=\"left\">De 14 \u00e0 19 ans<\/td>\n<td align=\"left\">De 2007 \u00e0 2012<\/td>\n<\/tr>\n<tr>\n<td align=\"left\"><span style=\"color: #cc99ff;\"><strong>WRO Starter<\/strong><\/span> &#8211; Tous<\/td>\n<td align=\"left\">De 6 \u00e0 10 ans<\/td>\n<td align=\"left\">De 2016 \u00e0 2020<\/td>\n<\/tr>\n<tr>\n<td align=\"left\"><span style=\"color: #00ccff;\"><strong>Future Engineers<\/strong><\/span> &#8211; Tous<\/td>\n<td align=\"left\">De 14 \u00e0 22 ans<\/td>\n<td align=\"left\">De 2004 \u00e0 2012<\/td>\n<\/tr>\n<\/tbody>\n<\/table>\n<\/div>\n<div class=\"fusion-text fusion-text-5\" style=\"--awb-margin-top:30px;\"><p><strong>A noter :<\/strong><\/p>\n<ol>\n<li>C&rsquo;est l&rsquo;<b>ann\u00e9e de naissance<\/b> qui est d\u00e9terminante et non l&rsquo;\u00e2ge le jour du concours.<\/li>\n<li><b> Aucune exception<\/b> n&rsquo;est<b> faite<\/b> pour les personnes trop \u00e2g\u00e9es ou trop jeunes pour une cat\u00e9gorie d&rsquo;\u00e2ge ! (voir &nbsp;<a href=\"https:\/\/wro.swiss\/fr\/conditions-de-participation\/\">Conditions de participation<\/a> point 4.3)<\/li>\n<\/ol>\n<\/div><\/div><\/div><\/div><\/div><\/p>\n","protected":false},"excerpt":{"rendered":"","protected":false},"author":11,"featured_media":0,"parent":3228,"menu_order":0,"comment_status":"closed","ping_status":"closed","template":"100-width.php","meta":{"inline_featured_image":false,"footnotes":""},"wf_page_folders":[],"class_list":["post-10127","page","type-page","status-publish","hentry"],"_links":{"self":[{"href":"https:\/\/wro.swiss\/fr\/wp-json\/wp\/v2\/pages\/10127","targetHints":{"allow":["GET"]}}],"collection":[{"href":"https:\/\/wro.swiss\/fr\/wp-json\/wp\/v2\/pages"}],"about":[{"href":"https:\/\/wro.swiss\/fr\/wp-json\/wp\/v2\/types\/page"}],"author":[{"embeddable":true,"href":"https:\/\/wro.swiss\/fr\/wp-json\/wp\/v2\/users\/11"}],"replies":[{"embeddable":true,"href":"https:\/\/wro.swiss\/fr\/wp-json\/wp\/v2\/comments?post=10127"}],"version-history":[{"count":42,"href":"https:\/\/wro.swiss\/fr\/wp-json\/wp\/v2\/pages\/10127\/revisions"}],"predecessor-version":[{"id":22732,"href":"https:\/\/wro.swiss\/fr\/wp-json\/wp\/v2\/pages\/10127\/revisions\/22732"}],"up":[{"embeddable":true,"href":"https:\/\/wro.swiss\/fr\/wp-json\/wp\/v2\/pages\/3228"}],"wp:attachment":[{"href":"https:\/\/wro.swiss\/fr\/wp-json\/wp\/v2\/media?parent=10127"}],"wp:term":[{"taxonomy":"wf_page_folders","embeddable":true,"href":"https:\/\/wro.swiss\/fr\/wp-json\/wp\/v2\/wf_page_folders?post=10127"}],"curies":[{"name":"wp","href":"https:\/\/api.w.org\/{rel}","templated":true}]}}