{"id":10044,"date":"2023-11-22T14:12:27","date_gmt":"2023-11-22T13:12:27","guid":{"rendered":"https:\/\/wro.swiss\/?page_id=10044"},"modified":"2025-02-24T09:54:13","modified_gmt":"2025-02-24T08:54:13","slug":"dossiers-pedagogiques","status":"publish","type":"page","link":"https:\/\/wro.swiss\/fr\/informations\/dossiers-pedagogiques\/","title":{"rendered":"Dossiers p\u00e9dagogiques"},"content":{"rendered":"<p><div class=\"fusion-fullwidth fullwidth-box fusion-builder-row-1 fusion-flex-container has-pattern-background has-mask-background nonhundred-percent-fullwidth non-hundred-percent-height-scrolling\" style=\"--awb-border-radius-top-left:0px;--awb-border-radius-top-right:0px;--awb-border-radius-bottom-right:0px;--awb-border-radius-bottom-left:0px;--awb-flex-wrap:wrap;\" ><div class=\"fusion-builder-row fusion-row fusion-flex-align-items-flex-start fusion-flex-content-wrap\" style=\"max-width:1248px;margin-left: calc(-4% \/ 2 );margin-right: calc(-4% \/ 2 );\"><div class=\"fusion-layout-column fusion_builder_column fusion-builder-column-0 fusion_builder_column_1_1 1_1 fusion-flex-column\" style=\"--awb-bg-size:cover;--awb-width-large:100%;--awb-margin-top-large:0px;--awb-spacing-right-large:1.92%;--awb-margin-bottom-large:20px;--awb-spacing-left-large:1.92%;--awb-width-medium:100%;--awb-order-medium:0;--awb-spacing-right-medium:1.92%;--awb-spacing-left-medium:1.92%;--awb-width-small:100%;--awb-order-small:0;--awb-spacing-right-small:1.92%;--awb-spacing-left-small:1.92%;\"><div class=\"fusion-column-wrapper fusion-column-has-shadow fusion-flex-justify-content-flex-start fusion-content-layout-column\"><div class=\"fusion-text fusion-text-1\"><p>\u00ab La robotique, c&rsquo;est g\u00e9nial ! C&rsquo;est ce que j&rsquo;aimerais faire avec mes \u00e9l\u00e8ves. Mais par o\u00f9 commencer ? \u00bb ?<\/p>\n<p>\u00ab C&rsquo;est super que mes enfants s&rsquo;int\u00e9ressent \u00e0 la robotique. Et j&rsquo;aimerais bien leur permettre de participer au concours WRO. Mais je ne sais pas comment. \u00bb<\/p>\n<p>Si tu t&rsquo;es d\u00e9j\u00e0 pos\u00e9 ces questions, tu es au bon endroit. Nos dossiers p\u00e9dagogiques de la robotique avec Lego\u00ae SPIKE Prime sont con\u00e7us de mani\u00e8re \u00e0 pouvoir \u00eatre utilis\u00e9s en classe ou \u00e0 pouvoir \u00eatre trait\u00e9s de mani\u00e8re enti\u00e8rement autonome par les enfants et les adolescents. Tous les dossiers ont \u00e9t\u00e9 test\u00e9s \u00e0 plusieurs reprises et sont r\u00e9guli\u00e8rement mis \u00e0 jour afin de contenir les bonnes informations pour la derni\u00e8re version de l&rsquo;application SPIKE. Ils contiennent de nombreuses captures d&rsquo;\u00e9cran avec de nombreux exemples de code. <\/p>\n<\/div><\/div><\/div><\/div><\/div><div class=\"fusion-fullwidth fullwidth-box fusion-builder-row-2 fusion-flex-container has-pattern-background has-mask-background nonhundred-percent-fullwidth non-hundred-percent-height-scrolling\" style=\"--awb-border-radius-top-left:0px;--awb-border-radius-top-right:0px;--awb-border-radius-bottom-right:0px;--awb-border-radius-bottom-left:0px;--awb-flex-wrap:wrap;\" ><div class=\"fusion-builder-row fusion-row fusion-flex-align-items-flex-start fusion-flex-content-wrap\" style=\"max-width:1248px;margin-left: calc(-4% \/ 2 );margin-right: calc(-4% \/ 2 );\"><div class=\"fusion-layout-column fusion_builder_column fusion-builder-column-1 fusion_builder_column_1_2 1_2 fusion-flex-column fusion-flex-align-self-stretch\" style=\"--awb-padding-top:20px;--awb-padding-right:20px;--awb-padding-bottom:20px;--awb-padding-left:20px;--awb-bg-color:#00064c;--awb-bg-color-hover:#00064c;--awb-bg-size:cover;--awb-width-large:50%;--awb-margin-top-large:0px;--awb-spacing-right-large:3.84%;--awb-margin-bottom-large:20px;--awb-spacing-left-large:3.84%;--awb-width-medium:50%;--awb-order-medium:0;--awb-spacing-right-medium:3.84%;--awb-spacing-left-medium:3.84%;--awb-width-small:100%;--awb-order-small:0;--awb-spacing-right-small:1.92%;--awb-spacing-left-small:1.92%;\"><div class=\"fusion-column-wrapper fusion-column-has-shadow fusion-flex-justify-content-flex-start fusion-content-layout-column\"><div class=\"fusion-title title fusion-title-1 fusion-sep-none fusion-title-text fusion-title-size-two\" style=\"--awb-margin-top-small:10px;--awb-margin-right-small:0px;--awb-margin-bottom-small:10px;--awb-margin-left-small:0px;\"><h2 class=\"fusion-title-heading title-heading-left\" style=\"margin:0;\"><h2>Pour les d\u00e9butant-e-s<\/h2><\/h2><\/div><div class=\"fusion-title title fusion-title-2 fusion-sep-none fusion-title-text fusion-title-size-three\" style=\"--awb-margin-top-small:10px;--awb-margin-right-small:0px;--awb-margin-bottom-small:10px;--awb-margin-left-small:0px;\"><h3 class=\"fusion-title-heading title-heading-left\" style=\"margin:0;\">Contenu<\/h3><\/div><div class=\"fusion-text fusion-text-2\"><ul>\n<li>Qu&rsquo;est-ce que la robotique ?<\/li>\n<li>Penser comme un robot<\/li>\n<li>Premiers pas avec le set de robotique LEGO\u00ae SPIKE Prime<\/li>\n<li>Conduite de v\u00e9hicules : Moteurs d&rsquo;entra\u00eenement, virages<\/li>\n<li>Boucles et conditions<\/li>\n<li>Algorithmes simples<\/li>\n<li>Suivre une ligne<\/li>\n<\/ul>\n<\/div><div ><a class=\"fusion-button button-flat fusion-button-default-size button-default fusion-button-default button-1 fusion-button-default-span fusion-button-default-type\" style=\"--button_margin-bottom:20px;\" target=\"_blank\" rel=\"noopener noreferrer\" href=\"https:\/\/wro.swiss\/wp-content\/uploads\/2025\/02\/Word_Robotik-fuer-Anfaengerinnen-und-AnfaengerNUR-SCHUeLER_FR.pdf\"><span class=\"fusion-button-text awb-button__text awb-button__text--default\">T\u00e9l\u00e9chargement<\/span><\/a><\/div><div class=\"fusion-title title fusion-title-3 fusion-sep-none fusion-title-text fusion-title-size-two\" style=\"--awb-margin-top-small:10px;--awb-margin-right-small:0px;--awb-margin-bottom-small:10px;--awb-margin-left-small:0px;\"><h2 class=\"fusion-title-heading title-heading-left\" style=\"margin:0;\"><h2>Pour les enseignant-e-s et les coachs<\/h2><\/h2><\/div><div class=\"fusion-text fusion-text-3\"><p>Ce dossier accompagne le dossier p\u00e9dagogique pour d\u00e9butant-e-s. Il contient, outre le texte complet, les solutions aux exercices ainsi que des commentaires didactiques avec des indications sur la mani\u00e8re dont les connaissances acquises peuvent \u00eatre appliqu\u00e9es et d\u00e9velopp\u00e9es en classe.<\/p>\n<\/div><div ><a class=\"fusion-button button-flat fusion-button-default-size button-default fusion-button-default button-2 fusion-button-default-span fusion-button-default-type\" style=\"--button_margin-bottom:20px;\" target=\"_blank\" rel=\"noopener noreferrer\" href=\"https:\/\/wro.swiss\/wp-content\/uploads\/2025\/02\/Word_Robotik-fuer-Anfaengerinnen-und-Anfaenger_LEHRER_FR.pdf\"><span class=\"fusion-button-text awb-button__text awb-button__text--default\">T\u00e9l\u00e9chargement<\/span><\/a><\/div><div class=\"fusion-title title fusion-title-4 fusion-sep-none fusion-title-text fusion-title-size-two\" style=\"--awb-margin-top-small:10px;--awb-margin-right-small:0px;--awb-margin-bottom-small:10px;--awb-margin-left-small:0px;\"><h2 class=\"fusion-title-heading title-heading-left\" style=\"margin:0;\"><h2>Programmation avec Python<\/h2><\/h2><\/div><div class=\"fusion-text fusion-text-4\"><p>Ce dossier est destin\u00e9 soit \u00e0 des d\u00e9butant-e-s plus \u00e2g\u00e9-e-s qui savent d\u00e9j\u00e0 bien lire et \u00e9crire et qui connaissent un peu l&rsquo;anglais, soit \u00e0 des personnes plus avanc\u00e9es qui aimeraient apprendre un \u00ab vrai \u00bb langage de programmation. Le contenu est similaire \u00e0 celui du dossier pour d\u00e9butants.<\/p>\n<\/div><div ><a class=\"fusion-button button-flat fusion-button-default-size button-default fusion-button-default button-3 fusion-button-default-span fusion-button-default-type\" target=\"_blank\" rel=\"noopener noreferrer\" href=\"https:\/\/wro.swiss\/wp-content\/uploads\/2025\/02\/Word_Robotik-fuer-Anfaenger_Python_DE_F.pdf\"><span class=\"fusion-button-text awb-button__text awb-button__text--default\">T\u00e9l\u00e9chargement<\/span><\/a><\/div><\/div><\/div><div class=\"fusion-layout-column fusion_builder_column fusion-builder-column-2 fusion_builder_column_1_2 1_2 fusion-flex-column fusion-flex-align-self-stretch\" style=\"--awb-padding-top:20px;--awb-padding-right:20px;--awb-padding-bottom:20px;--awb-padding-left:20px;--awb-bg-color:#2c0030;--awb-bg-color-hover:#2c0030;--awb-bg-size:cover;--awb-width-large:50%;--awb-margin-top-large:0px;--awb-spacing-right-large:3.84%;--awb-margin-bottom-large:20px;--awb-spacing-left-large:3.84%;--awb-width-medium:50%;--awb-order-medium:0;--awb-spacing-right-medium:3.84%;--awb-spacing-left-medium:3.84%;--awb-width-small:100%;--awb-order-small:0;--awb-spacing-right-small:1.92%;--awb-spacing-left-small:1.92%;\"><div class=\"fusion-column-wrapper fusion-column-has-shadow fusion-flex-justify-content-flex-start fusion-content-layout-column\"><div class=\"fusion-title title fusion-title-5 fusion-sep-none fusion-title-text fusion-title-size-two\" style=\"--awb-margin-top-small:10px;--awb-margin-right-small:0px;--awb-margin-bottom-small:10px;--awb-margin-left-small:0px;\"><h2 class=\"fusion-title-heading title-heading-left\" style=\"margin:0;\"><h2>Pour les \u00e9tudiant-e-s avanc\u00e9-e-s<\/h2><\/h2><\/div><div class=\"fusion-text fusion-text-5\"><p>Pour les roboticien-ne-s avanc\u00e9-e-s, il existe deux petits dossiers p\u00e9dagogiques. Le contenu du dossier pour d\u00e9butants est suppos\u00e9 connu.<\/p>\n<\/div><div class=\"fusion-title title fusion-title-6 fusion-sep-none fusion-title-text fusion-title-size-two\" style=\"--awb-margin-top-small:10px;--awb-margin-right-small:0px;--awb-margin-bottom-small:10px;--awb-margin-left-small:0px;\"><h2 class=\"fusion-title-heading title-heading-left\" style=\"margin:0;\"><h2>Le capteur gyroscopique&nbsp;<\/h2><\/h2><\/div><div class=\"fusion-text fusion-text-6\"><p>Ce dossier traite de l&rsquo;utilisation du capteur gyroscopique int\u00e9gr\u00e9 dans le hub du robot et de la mani\u00e8re dont il peut \u00eatre utilis\u00e9 pour naviguer sur le terrain.<\/p>\n<\/div><div ><a class=\"fusion-button button-flat fusion-button-default-size button-default fusion-button-default button-4 fusion-button-default-span fusion-button-default-type\" target=\"_blank\" rel=\"noopener noreferrer\" href=\"https:\/\/wro.swiss\/wp-content\/uploads\/2025\/02\/Robotik-fuer-Fortgeschrittene_Gyro_FR.pdf\"><span class=\"fusion-button-text awb-button__text awb-button__text--default\">T\u00e9l\u00e9chargement<\/span><\/a><\/div><div class=\"fusion-title title fusion-title-7 fusion-sep-none fusion-title-text fusion-title-size-two\" style=\"--awb-margin-top-small:10px;--awb-margin-right-small:0px;--awb-margin-bottom-small:10px;--awb-margin-left-small:0px;\"><h2 class=\"fusion-title-heading title-heading-left\" style=\"margin:0;\"><h2>Variables et MyBlocks<\/h2><\/h2><\/div><div class=\"fusion-text fusion-text-7\"><p>Les projets plus complexes, comme les t\u00e2ches WRO, n\u00e9cessitent \u00e9galement des connaissances avanc\u00e9es en programmation. C&rsquo;est l\u00e0 qu&rsquo;interviennent les variables et les blocs propres (\u00ab Mes blocs \u00bb ou \u00ab MyBlocks \u00bb). Ce dossier explique comment cela fonctionne \u00e0 l&rsquo;aide d&rsquo;un exemple concret. Note que ce dossier est seulement disponible en allemand et anglais.<\/p>\n<\/div><div ><a class=\"fusion-button button-flat fusion-button-default-size button-default fusion-button-default button-5 fusion-button-default-span fusion-button-default-type\" target=\"_self\" href=\"https:\/\/wro.swiss\/wp-content\/uploads\/2023\/11\/Robotik-fuer-Fortgeschrittene_Variablen-und-MyBlocks.pdf\"><span class=\"fusion-button-text awb-button__text awb-button__text--default\">T\u00e9l\u00e9chargement<\/span><\/a><\/div><\/div><\/div><\/div><\/div><\/p>\n","protected":false},"excerpt":{"rendered":"","protected":false},"author":7,"featured_media":0,"parent":3228,"menu_order":0,"comment_status":"closed","ping_status":"closed","template":"100-width.php","meta":{"inline_featured_image":false,"footnotes":""},"wf_page_folders":[],"class_list":["post-10044","page","type-page","status-publish","hentry"],"_links":{"self":[{"href":"https:\/\/wro.swiss\/fr\/wp-json\/wp\/v2\/pages\/10044","targetHints":{"allow":["GET"]}}],"collection":[{"href":"https:\/\/wro.swiss\/fr\/wp-json\/wp\/v2\/pages"}],"about":[{"href":"https:\/\/wro.swiss\/fr\/wp-json\/wp\/v2\/types\/page"}],"author":[{"embeddable":true,"href":"https:\/\/wro.swiss\/fr\/wp-json\/wp\/v2\/users\/7"}],"replies":[{"embeddable":true,"href":"https:\/\/wro.swiss\/fr\/wp-json\/wp\/v2\/comments?post=10044"}],"version-history":[{"count":14,"href":"https:\/\/wro.swiss\/fr\/wp-json\/wp\/v2\/pages\/10044\/revisions"}],"predecessor-version":[{"id":17626,"href":"https:\/\/wro.swiss\/fr\/wp-json\/wp\/v2\/pages\/10044\/revisions\/17626"}],"up":[{"embeddable":true,"href":"https:\/\/wro.swiss\/fr\/wp-json\/wp\/v2\/pages\/3228"}],"wp:attachment":[{"href":"https:\/\/wro.swiss\/fr\/wp-json\/wp\/v2\/media?parent=10044"}],"wp:term":[{"taxonomy":"wf_page_folders","embeddable":true,"href":"https:\/\/wro.swiss\/fr\/wp-json\/wp\/v2\/wf_page_folders?post=10044"}],"curies":[{"name":"wp","href":"https:\/\/api.w.org\/{rel}","templated":true}]}}