{"id":10331,"date":"2022-01-07T16:26:30","date_gmt":"2022-01-07T15:26:30","guid":{"rendered":"https:\/\/wro.swiss\/girls-blog-2020\/"},"modified":"2023-12-03T16:57:53","modified_gmt":"2023-12-03T15:57:53","slug":"girls-blog-2020","status":"publish","type":"page","link":"https:\/\/wro.swiss\/en\/more-girls-in-robotics\/girls-blog\/girls-blog-2020\/","title":{"rendered":"Girls Blog 2020"},"content":{"rendered":"<h3 class=\"wp-block-heading\">Der Roboter vom Team Flower Power am Online Wettbewerb<\/h3><figure class=\"wp-block-video aligncenter\"><video controls src=\"https:\/\/wro.swiss\/wp-content\/uploads\/2020\/11\/Flower-Power.mp4\"><\/video><\/figure><h3 class=\"wp-block-heading\">Der Roboter von Uh-Huh am Online Wettbewerb<\/h3><figure class=\"wp-block-embed is-type-video is-provider-youtube wp-block-embed-youtube wp-embed-aspect-16-9 wp-has-aspect-ratio\"><div class=\"wp-block-embed__wrapper\">\n<div class=\"video-shortcode\"><iframe title=\"07.11.2020 - Uh - Huh (Junior) - Vorstellungsvideo\" width=\"1200\" height=\"675\" src=\"https:\/\/www.youtube.com\/embed\/WMf0NKAyfQI?feature=oembed\" frameborder=\"0\" allow=\"accelerometer; autoplay; clipboard-write; encrypted-media; gyroscope; picture-in-picture; web-share\" allowfullscreen><\/iframe><\/div>\n<\/div><\/figure><h3 class=\"wp-block-heading\">Der Roboter von Les Robbidou am Online Wettbewerb<\/h3><figure class=\"wp-block-embed is-type-video is-provider-youtube wp-block-embed-youtube wp-embed-aspect-16-9 wp-has-aspect-ratio\"><div class=\"wp-block-embed__wrapper\">\n<div class=\"video-shortcode\"><iframe title=\"07.11.2020 - Les Robbidou (Elementary) - Vorstellungsvideo\" width=\"1200\" height=\"675\" src=\"https:\/\/www.youtube.com\/embed\/de1L4tgaMD0?feature=oembed\" frameborder=\"0\" allow=\"accelerometer; autoplay; clipboard-write; encrypted-media; gyroscope; picture-in-picture; web-share\" allowfullscreen><\/iframe><\/div>\n<\/div><\/figure><h3 class=\"wp-block-heading\"><strong>Team MINT_Girls<\/strong> (29.09.2020)<\/h3><figure class=\"wp-block-image size-large\"><img decoding=\"async\" width=\"1024\" height=\"678\" src=\"https:\/\/wro.swiss\/wp-content\/uploads\/2020\/09\/MINT_Girls-1024x678.jpg\" alt=\"\" class=\"wp-image-1640\" srcset=\"https:\/\/wro.swiss\/wp-content\/uploads\/2020\/09\/MINT_Girls-300x199.jpg 300w, https:\/\/wro.swiss\/wp-content\/uploads\/2020\/09\/MINT_Girls-650x431.jpg 650w, https:\/\/wro.swiss\/wp-content\/uploads\/2020\/09\/MINT_Girls-768x509.jpg 768w, https:\/\/wro.swiss\/wp-content\/uploads\/2020\/09\/MINT_Girls-1024x678.jpg 1024w, https:\/\/wro.swiss\/wp-content\/uploads\/2020\/09\/MINT_Girls.jpg 1200w\" sizes=\"(max-width: 1024px) 100vw, 1024px\" \/><figcaption>Vieoletta und Yulia vom Team MINT_Girls<\/figcaption><\/figure><h3 class=\"wp-block-heading\"><strong>Team Flower Power<\/strong> (29.09.2020)<\/h3><p>Das WRO macht mir pers\u00f6nlich super Spass. Wir sind am Programmieren und beim Bauen schon so gut wie fertig.<\/p><p>Nina<\/p><p>Bis jetzt habe ich bei der Programmierung das geradeaus fahren angeschaut und auch schon ein bisschen mit dem Bin\u00e4rcode ge\u00fcbt. Beim Bauen haben wir den Grundaufbau des Roboters geschafft. Jetzt sind wir an der Schaufel vorne dran, die den Schnee einsammelt.<\/p><p>Shariluna<\/p><figure class=\"wp-block-gallery columns-3 is-cropped wp-block-gallery-1 is-layout-flex wp-block-gallery-is-layout-flex\"><ul class=\"blocks-gallery-grid\"><li class=\"blocks-gallery-item\"><figure><img decoding=\"async\" width=\"768\" height=\"1024\" src=\"https:\/\/wro.swiss\/wp-content\/uploads\/2020\/09\/FlowerPowe_3-768x1024.jpg\" alt=\"\" data-id=\"1635\" data-full-url=\"https:\/\/worldrobotolympiad.ch\/wp-content\/uploads\/2020\/09\/FlowerPowe_3-scaled.jpg\" data-link=\"https:\/\/worldrobotolympiad.ch\/mehr-girls-in-robotik\/girls-blog\/flowerpowe_3\/#main\" class=\"wp-image-1635\" srcset=\"https:\/\/wro.swiss\/wp-content\/uploads\/2020\/09\/FlowerPowe_3-225x300.jpg 225w, https:\/\/wro.swiss\/wp-content\/uploads\/2020\/09\/FlowerPowe_3-scaled-650x867.jpg 650w, https:\/\/wro.swiss\/wp-content\/uploads\/2020\/09\/FlowerPowe_3-768x1024.jpg 768w, https:\/\/wro.swiss\/wp-content\/uploads\/2020\/09\/FlowerPowe_3-1152x1536.jpg 1152w, https:\/\/wro.swiss\/wp-content\/uploads\/2020\/09\/FlowerPowe_3-1536x2048.jpg 1536w, https:\/\/wro.swiss\/wp-content\/uploads\/2020\/09\/FlowerPowe_3-scaled.jpg 1920w\" sizes=\"(max-width: 768px) 100vw, 768px\" \/><\/figure><\/li><li class=\"blocks-gallery-item\"><figure><img decoding=\"async\" width=\"1024\" height=\"768\" src=\"https:\/\/wro.swiss\/wp-content\/uploads\/2020\/09\/FlowerPower_-1-1024x768.jpg\" alt=\"\" data-id=\"1636\" data-full-url=\"https:\/\/worldrobotolympiad.ch\/wp-content\/uploads\/2020\/09\/FlowerPower_-1-scaled.jpg\" data-link=\"https:\/\/worldrobotolympiad.ch\/mehr-girls-in-robotik\/girls-blog\/flowerpower_-1\/#main\" class=\"wp-image-1636\" srcset=\"https:\/\/wro.swiss\/wp-content\/uploads\/2020\/09\/FlowerPower_-1-300x225.jpg 300w, https:\/\/wro.swiss\/wp-content\/uploads\/2020\/09\/FlowerPower_-1-scaled-450x338.jpg 450w, https:\/\/wro.swiss\/wp-content\/uploads\/2020\/09\/FlowerPower_-1-scaled-650x488.jpg 650w, https:\/\/wro.swiss\/wp-content\/uploads\/2020\/09\/FlowerPower_-1-768x576.jpg 768w, https:\/\/wro.swiss\/wp-content\/uploads\/2020\/09\/FlowerPower_-1-1024x768.jpg 1024w, https:\/\/wro.swiss\/wp-content\/uploads\/2020\/09\/FlowerPower_-1-1536x1152.jpg 1536w\" sizes=\"(max-width: 1024px) 100vw, 1024px\" \/><\/figure><\/li><li class=\"blocks-gallery-item\"><figure><img decoding=\"async\" width=\"768\" height=\"1024\" src=\"https:\/\/wro.swiss\/wp-content\/uploads\/2020\/09\/FlowerPower_2-768x1024.jpg\" alt=\"\" data-id=\"1637\" data-full-url=\"https:\/\/worldrobotolympiad.ch\/wp-content\/uploads\/2020\/09\/FlowerPower_2-scaled.jpg\" data-link=\"https:\/\/worldrobotolympiad.ch\/mehr-girls-in-robotik\/girls-blog\/flowerpower_2\/#main\" class=\"wp-image-1637\" srcset=\"https:\/\/wro.swiss\/wp-content\/uploads\/2020\/09\/FlowerPower_2-225x300.jpg 225w, https:\/\/wro.swiss\/wp-content\/uploads\/2020\/09\/FlowerPower_2-scaled-650x867.jpg 650w, https:\/\/wro.swiss\/wp-content\/uploads\/2020\/09\/FlowerPower_2-768x1024.jpg 768w, https:\/\/wro.swiss\/wp-content\/uploads\/2020\/09\/FlowerPower_2-1152x1536.jpg 1152w, https:\/\/wro.swiss\/wp-content\/uploads\/2020\/09\/FlowerPower_2-1536x2048.jpg 1536w, https:\/\/wro.swiss\/wp-content\/uploads\/2020\/09\/FlowerPower_2-scaled.jpg 1920w\" sizes=\"(max-width: 768px) 100vw, 768px\" \/><\/figure><\/li><\/ul><figcaption class=\"blocks-gallery-caption\">Nina und Shariluna beim Programmieren<\/figcaption><\/figure><h3 class=\"wp-block-heading\"><strong>Team Klein aber Oho: Mach\u00e4d doch au mit! <\/strong>\ud83d\ude1c (25.09.2020)<\/h3><p>Hallo,<br>Als wir die Aufgabe das erste Mal gelesen hatten, waren wir ein wenig \u00fcberfordert, aber als wir dann anfingen, ging es immer besser. Mit Lego Mindstorms hatten wir noch nie etwas gemacht. Am Anfang wussten auch wir noch nicht so genau wie es mit dem Programmieren geht.<br>Wir probierten aus, nach und nach funktionierte es. Wenn etwas klappte, hatten wir riesige Freude und wieder Motivation weiterzumachen. Es ist mega spanend und lehrreich den Roboter weiterzuentwickeln.<\/p><p>Vielen Dank f\u00fcr die geschenkte EV3 Box. Uns freute es riesig.<\/p><figure class=\"wp-block-gallery columns-3 is-cropped wp-block-gallery-2 is-layout-flex wp-block-gallery-is-layout-flex\"><ul class=\"blocks-gallery-grid\"><li class=\"blocks-gallery-item\"><figure><img decoding=\"async\" width=\"634\" height=\"476\" src=\"https:\/\/wro.swiss\/wp-content\/uploads\/2020\/09\/KleinAberOho1.jpg\" alt=\"\" data-id=\"1631\" data-full-url=\"https:\/\/wro.swiss\/wp-content\/uploads\/2020\/09\/KleinAberOho1.jpg\" data-link=\"https:\/\/worldrobotolympiad.ch\/mehr-girls-in-robotik\/girls-blog\/kleinaberoho1\/#main\" class=\"wp-image-1631\" srcset=\"https:\/\/wro.swiss\/wp-content\/uploads\/2020\/09\/KleinAberOho1-300x225.jpg 300w, https:\/\/wro.swiss\/wp-content\/uploads\/2020\/09\/KleinAberOho1-450x338.jpg 450w, https:\/\/wro.swiss\/wp-content\/uploads\/2020\/09\/KleinAberOho1-600x450.jpg 600w, https:\/\/wro.swiss\/wp-content\/uploads\/2020\/09\/KleinAberOho1.jpg 634w\" sizes=\"(max-width: 634px) 100vw, 634px\" \/><\/figure><\/li><li class=\"blocks-gallery-item\"><figure><img decoding=\"async\" width=\"284\" height=\"312\" src=\"https:\/\/wro.swiss\/wp-content\/uploads\/2020\/09\/KleinAberOho4.jpg\" alt=\"\" data-id=\"1634\" data-full-url=\"https:\/\/wro.swiss\/wp-content\/uploads\/2020\/09\/KleinAberOho4.jpg\" data-link=\"https:\/\/worldrobotolympiad.ch\/mehr-girls-in-robotik\/girls-blog\/kleinaberoho4\/#main\" class=\"wp-image-1634\" srcset=\"https:\/\/wro.swiss\/wp-content\/uploads\/2020\/09\/KleinAberOho4-273x300.jpg 273w, https:\/\/wro.swiss\/wp-content\/uploads\/2020\/09\/KleinAberOho4.jpg 284w\" sizes=\"(max-width: 284px) 100vw, 284px\" \/><\/figure><\/li><li class=\"blocks-gallery-item\"><figure><img decoding=\"async\" width=\"244\" height=\"332\" src=\"https:\/\/wro.swiss\/wp-content\/uploads\/2020\/09\/KleinAberOho3.jpg\" alt=\"\" data-id=\"1633\" data-full-url=\"https:\/\/wro.swiss\/wp-content\/uploads\/2020\/09\/KleinAberOho3.jpg\" data-link=\"https:\/\/worldrobotolympiad.ch\/mehr-girls-in-robotik\/girls-blog\/kleinaberoho3\/#main\" class=\"wp-image-1633\" srcset=\"https:\/\/wro.swiss\/wp-content\/uploads\/2020\/09\/KleinAberOho3-220x300.jpg 220w, https:\/\/wro.swiss\/wp-content\/uploads\/2020\/09\/KleinAberOho3.jpg 244w\" sizes=\"(max-width: 244px) 100vw, 244px\" \/><\/figure><\/li><li class=\"blocks-gallery-item\"><figure><img decoding=\"async\" width=\"370\" height=\"278\" src=\"https:\/\/wro.swiss\/wp-content\/uploads\/2020\/09\/KleinAberOho2.jpg\" alt=\"\" data-id=\"1632\" data-full-url=\"https:\/\/wro.swiss\/wp-content\/uploads\/2020\/09\/KleinAberOho2.jpg\" data-link=\"https:\/\/worldrobotolympiad.ch\/mehr-girls-in-robotik\/girls-blog\/kleinaberoho2\/#main\" class=\"wp-image-1632\" srcset=\"https:\/\/wro.swiss\/wp-content\/uploads\/2020\/09\/KleinAberOho2-300x225.jpg 300w, https:\/\/wro.swiss\/wp-content\/uploads\/2020\/09\/KleinAberOho2.jpg 370w\" sizes=\"(max-width: 370px) 100vw, 370px\" \/><\/figure><\/li><\/ul><figcaption class=\"blocks-gallery-caption\">Daria und Rahel vom Team Klein aber Oho<\/figcaption><\/figure><h3 class=\"wp-block-heading\"><strong>Team Robocat3<\/strong> (16.09.2020)<\/h3><p>Frage: Was gef\u00e4llt euch am WRO, weshalb seid ihr dabei?<\/p><p>Ladina: Ich bin dabei, weil es Spass macht und mir gef\u00e4llt.<\/p><p>Natalia: Ich bin dabei, weil mich Roboter faszinieren. Ich bin \u00fcberzeugt, dass es in Zukunft immer mehr Berufe geben wird, in denen programmieren k\u00f6nnen muss. So m\u00f6chte ich es hier mal selber ausprobieren. Mein Vater arbeitet in einem Beruf, in dem er programmieren muss, und er hat mich zu diesem Schritt unterst\u00fctzt und frtch sich, dass seine Tochter hier mitmacht. <\/p><figure class=\"wp-block-gallery columns-3 is-cropped wp-block-gallery-3 is-layout-flex wp-block-gallery-is-layout-flex\"><ul class=\"blocks-gallery-grid\"><li class=\"blocks-gallery-item\"><figure><img decoding=\"async\" src=\"https:\/\/wro.swiss\/wp-content\/uploads\/2020\/09\/Robocat3-beim-Auspacken.png\" alt=\"\" data-id=\"1617\" data-full-url=\"https:\/\/worldrobotolympiad.ch\/wp-content\/uploads\/2020\/09\/Robocat3-beim-Auspacken.png\" data-link=\"https:\/\/worldrobotolympiad.ch\/mehr-girls-in-robotik\/girls-blog\/robocat3-beim-auspacken\/#main\" class=\"wp-image-1617\"\/><\/figure><\/li><li class=\"blocks-gallery-item\"><figure><img decoding=\"async\" src=\"https:\/\/wro.swiss\/wp-content\/uploads\/2020\/09\/Robocat3.png\" alt=\"\" data-id=\"1618\" data-full-url=\"https:\/\/worldrobotolympiad.ch\/wp-content\/uploads\/2020\/09\/Robocat3.png\" data-link=\"https:\/\/worldrobotolympiad.ch\/mehr-girls-in-robotik\/girls-blog\/robocat3\/#main\" class=\"wp-image-1618\"\/><\/figure><\/li><li class=\"blocks-gallery-item\"><figure><img decoding=\"async\" src=\"https:\/\/wro.swiss\/wp-content\/uploads\/2020\/09\/Robocat3-_2.png\" alt=\"\" data-id=\"1616\" data-full-url=\"https:\/\/worldrobotolympiad.ch\/wp-content\/uploads\/2020\/09\/Robocat3-_2.png\" data-link=\"https:\/\/worldrobotolympiad.ch\/mehr-girls-in-robotik\/girls-blog\/robocat3-_2\/#main\" class=\"wp-image-1616\"\/><\/figure><\/li><\/ul><figcaption class=\"blocks-gallery-caption\">Ladina und Natialia freuen sich \u00fcber ihren neuen EV3 Roboter. <\/figcaption><\/figure><h3 class=\"wp-block-heading\"><strong>Team Les Robbidou<\/strong><\/h3><figure class=\"wp-block-gallery columns-2 is-cropped wp-block-gallery-4 is-layout-flex wp-block-gallery-is-layout-flex\"><ul class=\"blocks-gallery-grid\"><li class=\"blocks-gallery-item\"><figure><img decoding=\"async\" width=\"1024\" height=\"768\" src=\"https:\/\/wro.swiss\/wp-content\/uploads\/2020\/08\/Team-Robidou-1-1024x768.jpg\" alt=\"\" data-id=\"1609\" data-full-url=\"https:\/\/worldrobotolympiad.ch\/wp-content\/uploads\/2020\/08\/Team-Robidou-1-rotated.jpg\" data-link=\"https:\/\/worldrobotolympiad.ch\/mehr-girls-in-robotik\/girls-blog\/team-robidou-1\/#main\" class=\"wp-image-1609\" srcset=\"https:\/\/wro.swiss\/wp-content\/uploads\/2020\/08\/Team-Robidou-1-300x225.jpg 300w, https:\/\/wro.swiss\/wp-content\/uploads\/2020\/08\/Team-Robidou-1-rotated-450x338.jpg 450w, https:\/\/wro.swiss\/wp-content\/uploads\/2020\/08\/Team-Robidou-1-rotated-650x488.jpg 650w, https:\/\/wro.swiss\/wp-content\/uploads\/2020\/08\/Team-Robidou-1-768x576.jpg 768w, https:\/\/wro.swiss\/wp-content\/uploads\/2020\/08\/Team-Robidou-1-1024x768.jpg 1024w, https:\/\/wro.swiss\/wp-content\/uploads\/2020\/08\/Team-Robidou-1-1536x1152.jpg 1536w\" sizes=\"(max-width: 1024px) 100vw, 1024px\" \/><\/figure><\/li><li class=\"blocks-gallery-item\"><figure><img decoding=\"async\" width=\"1024\" height=\"768\" src=\"https:\/\/wro.swiss\/wp-content\/uploads\/2020\/08\/Team-Robidou-2-1024x768.jpg\" alt=\"\" data-id=\"1610\" data-full-url=\"https:\/\/worldrobotolympiad.ch\/wp-content\/uploads\/2020\/08\/Team-Robidou-2-rotated.jpg\" data-link=\"https:\/\/worldrobotolympiad.ch\/mehr-girls-in-robotik\/girls-blog\/team-robidou-2\/#main\" class=\"wp-image-1610\" srcset=\"https:\/\/wro.swiss\/wp-content\/uploads\/2020\/08\/Team-Robidou-2-300x225.jpg 300w, https:\/\/wro.swiss\/wp-content\/uploads\/2020\/08\/Team-Robidou-2-rotated-450x338.jpg 450w, https:\/\/wro.swiss\/wp-content\/uploads\/2020\/08\/Team-Robidou-2-rotated-650x488.jpg 650w, https:\/\/wro.swiss\/wp-content\/uploads\/2020\/08\/Team-Robidou-2-768x576.jpg 768w, https:\/\/wro.swiss\/wp-content\/uploads\/2020\/08\/Team-Robidou-2-1024x768.jpg 1024w, https:\/\/wro.swiss\/wp-content\/uploads\/2020\/08\/Team-Robidou-2-1536x1152.jpg 1536w\" sizes=\"(max-width: 1024px) 100vw, 1024px\" \/><\/figure><\/li><\/ul><figcaption class=\"blocks-gallery-caption\">Team Robidou am T\u00fcfteln: Am\u00e9lie, Elisa und Amanda<\/figcaption><\/figure><h3 class=\"wp-block-heading\"><strong>Team Uh-huh<\/strong> (15. Juni 2020)<\/h3><p>Vielen Dank f\u00fcr diesen Roboter. Wir haben uns sehr gefreut und momentan arbeiten wir flei\u00dfig trotz Coronavirus. Hier ist noch das Foto.<\/p><figure class=\"wp-block-image size-large is-style-rounded\"><img decoding=\"async\" width=\"1024\" height=\"768\" src=\"https:\/\/wro.swiss\/wp-content\/uploads\/2020\/06\/Team-Uh-Huh-1-1024x768.jpg\" alt=\"\" class=\"wp-image-1558\" srcset=\"https:\/\/wro.swiss\/wp-content\/uploads\/2020\/06\/Team-Uh-Huh-1-300x225.jpg 300w, https:\/\/wro.swiss\/wp-content\/uploads\/2020\/06\/Team-Uh-Huh-1-450x338.jpg 450w, https:\/\/wro.swiss\/wp-content\/uploads\/2020\/06\/Team-Uh-Huh-1-650x488.jpg 650w, https:\/\/wro.swiss\/wp-content\/uploads\/2020\/06\/Team-Uh-Huh-1-768x576.jpg 768w, https:\/\/wro.swiss\/wp-content\/uploads\/2020\/06\/Team-Uh-Huh-1-1024x768.jpg 1024w, https:\/\/wro.swiss\/wp-content\/uploads\/2020\/06\/Team-Uh-Huh-1-1536x1152.jpg 1536w\" sizes=\"(max-width: 1024px) 100vw, 1024px\" \/><figcaption>Team Uh-huh packt den neuen Roboter aus.<\/figcaption><\/figure><h3 class=\"wp-block-heading\"><strong>Team MINT_Girls<\/strong> (15. Juni 2020)<\/h3><p>Violetta : Hallo! Ich bin 9 Jahre alt und schon seit langem begeisterter Lego-Fan und T\u00fcftler. Ich habe Programmierung bereits in der Privatschule gelernt und tr\u00e4ume davon, an einem Robotikwettbewerb teilzunehmen.&nbsp;&nbsp;<\/p><p>Yulia: ich bin im April 2020 8 Jahre alt geworden und bin ebenso legobegeistert und in meiner Freizeit besch\u00e4ftige ich mich mit Konstruieren von Lego Figuren. Seit meinem letzten Besuch vom Robotik Workshop (<em>Veranstalter Girls-for-Mint, BildX Zug<\/em>) setzte ich mich oft und intensiv mit dem Thema Lego Mindstorms auseinander.<\/p><figure class=\"wp-block-image size-large\"><img decoding=\"async\" width=\"1024\" height=\"1024\" src=\"https:\/\/wro.swiss\/wp-content\/uploads\/2020\/06\/Team-MINT_Girls-1-1024x1024.jpg\" alt=\"\" class=\"wp-image-1545\" srcset=\"https:\/\/wro.swiss\/wp-content\/uploads\/2020\/06\/Team-MINT_Girls-1-150x150.jpg 150w, https:\/\/wro.swiss\/wp-content\/uploads\/2020\/06\/Team-MINT_Girls-1-200x200.jpg 200w, https:\/\/wro.swiss\/wp-content\/uploads\/2020\/06\/Team-MINT_Girls-1-300x300.jpg 300w, https:\/\/wro.swiss\/wp-content\/uploads\/2020\/06\/Team-MINT_Girls-1-320x320.jpg 320w, https:\/\/wro.swiss\/wp-content\/uploads\/2020\/06\/Team-MINT_Girls-1-440x440.jpg 440w, https:\/\/wro.swiss\/wp-content\/uploads\/2020\/06\/Team-MINT_Girls-1-scaled-650x650.jpg 650w, https:\/\/wro.swiss\/wp-content\/uploads\/2020\/06\/Team-MINT_Girls-1-768x768.jpg 768w, https:\/\/wro.swiss\/wp-content\/uploads\/2020\/06\/Team-MINT_Girls-1-1024x1024.jpg 1024w, https:\/\/wro.swiss\/wp-content\/uploads\/2020\/06\/Team-MINT_Girls-1-1536x1536.jpg 1536w\" sizes=\"(max-width: 1024px) 100vw, 1024px\" \/><figcaption>Violetta und Yulia von MINT_Girls mit ihrem neuen EV3<\/figcaption><\/figure><h3 class=\"wp-block-heading\"><strong>Team Flower Power<\/strong> (15. Juni 2020)<\/h3><p>Nina und Shariluna:<\/p><p>Ich finde es mega spannend einen Roboter zu entwickeln, aber auch sehr herausfordernd, weil er so viel k\u00f6nnen muss. Ich will unbedingt an diesen Wettbewerb und freue mich, dass im November doch noch Wettbewerbe stattfinden sollen!<\/p><figure class=\"wp-block-gallery columns-3 is-cropped wp-block-gallery-5 is-layout-flex wp-block-gallery-is-layout-flex\"><ul class=\"blocks-gallery-grid\"><li class=\"blocks-gallery-item\"><figure><img decoding=\"async\" width=\"684\" height=\"513\" src=\"https:\/\/wro.swiss\/wp-content\/uploads\/2020\/06\/FlowerPower4.jpg\" alt=\"\" data-id=\"1553\" data-full-url=\"https:\/\/wro.swiss\/wp-content\/uploads\/2020\/06\/FlowerPower4.jpg\" data-link=\"https:\/\/worldrobotolympiad.ch\/mehr-girls-in-robotik\/girls-blog\/flowerpower4\/#main\" class=\"wp-image-1553\" srcset=\"https:\/\/wro.swiss\/wp-content\/uploads\/2020\/06\/FlowerPower4-300x225.jpg 300w, https:\/\/wro.swiss\/wp-content\/uploads\/2020\/06\/FlowerPower4-450x338.jpg 450w, https:\/\/wro.swiss\/wp-content\/uploads\/2020\/06\/FlowerPower4-650x488.jpg 650w, https:\/\/wro.swiss\/wp-content\/uploads\/2020\/06\/FlowerPower4.jpg 684w\" sizes=\"(max-width: 684px) 100vw, 684px\" \/><\/figure><\/li><li class=\"blocks-gallery-item\"><figure><img decoding=\"async\" width=\"1024\" height=\"768\" src=\"https:\/\/wro.swiss\/wp-content\/uploads\/2020\/06\/FlowerPower3-1024x768.jpg\" alt=\"\" data-id=\"1552\" data-full-url=\"https:\/\/worldrobotolympiad.ch\/wp-content\/uploads\/2020\/06\/FlowerPower3-scaled.jpg\" data-link=\"https:\/\/worldrobotolympiad.ch\/mehr-girls-in-robotik\/girls-blog\/flowerpower3\/#main\" class=\"wp-image-1552\" srcset=\"https:\/\/wro.swiss\/wp-content\/uploads\/2020\/06\/FlowerPower3-300x225.jpg 300w, https:\/\/wro.swiss\/wp-content\/uploads\/2020\/06\/FlowerPower3-scaled-450x338.jpg 450w, https:\/\/wro.swiss\/wp-content\/uploads\/2020\/06\/FlowerPower3-scaled-650x488.jpg 650w, https:\/\/wro.swiss\/wp-content\/uploads\/2020\/06\/FlowerPower3-768x576.jpg 768w, https:\/\/wro.swiss\/wp-content\/uploads\/2020\/06\/FlowerPower3-1024x768.jpg 1024w, https:\/\/wro.swiss\/wp-content\/uploads\/2020\/06\/FlowerPower3-1536x1152.jpg 1536w\" sizes=\"(max-width: 1024px) 100vw, 1024px\" \/><\/figure><\/li><li class=\"blocks-gallery-item\"><figure><img decoding=\"async\" width=\"394\" height=\"523\" src=\"https:\/\/wro.swiss\/wp-content\/uploads\/2020\/06\/FlowerPower5.jpg\" alt=\"\" data-id=\"1554\" data-full-url=\"https:\/\/wro.swiss\/wp-content\/uploads\/2020\/06\/FlowerPower5.jpg\" data-link=\"https:\/\/worldrobotolympiad.ch\/mehr-girls-in-robotik\/girls-blog\/flowerpower5\/#main\" class=\"wp-image-1554\" srcset=\"https:\/\/wro.swiss\/wp-content\/uploads\/2020\/06\/FlowerPower5-226x300.jpg 226w, https:\/\/wro.swiss\/wp-content\/uploads\/2020\/06\/FlowerPower5.jpg 394w\" sizes=\"(max-width: 394px) 100vw, 394px\" \/><\/figure><\/li><li class=\"blocks-gallery-item\"><figure><img decoding=\"async\" width=\"395\" height=\"526\" src=\"https:\/\/wro.swiss\/wp-content\/uploads\/2020\/06\/FlowerPower6.jpg\" alt=\"\" data-id=\"1555\" data-full-url=\"https:\/\/wro.swiss\/wp-content\/uploads\/2020\/06\/FlowerPower6.jpg\" data-link=\"https:\/\/worldrobotolympiad.ch\/mehr-girls-in-robotik\/girls-blog\/flowerpower6\/#main\" class=\"wp-image-1555\" srcset=\"https:\/\/wro.swiss\/wp-content\/uploads\/2020\/06\/FlowerPower6-225x300.jpg 225w, https:\/\/wro.swiss\/wp-content\/uploads\/2020\/06\/FlowerPower6.jpg 395w\" sizes=\"(max-width: 395px) 100vw, 395px\" \/><\/figure><\/li><li class=\"blocks-gallery-item\"><figure><img decoding=\"async\" width=\"1024\" height=\"768\" src=\"https:\/\/wro.swiss\/wp-content\/uploads\/2020\/06\/FlowerPower7-1024x768.jpg\" alt=\"\" data-id=\"1556\" data-full-url=\"https:\/\/worldrobotolympiad.ch\/wp-content\/uploads\/2020\/06\/FlowerPower7-scaled.jpg\" data-link=\"https:\/\/worldrobotolympiad.ch\/mehr-girls-in-robotik\/girls-blog\/flowerpower7\/#main\" class=\"wp-image-1556\" srcset=\"https:\/\/wro.swiss\/wp-content\/uploads\/2020\/06\/FlowerPower7-300x225.jpg 300w, https:\/\/wro.swiss\/wp-content\/uploads\/2020\/06\/FlowerPower7-scaled-450x338.jpg 450w, https:\/\/wro.swiss\/wp-content\/uploads\/2020\/06\/FlowerPower7-scaled-650x488.jpg 650w, https:\/\/wro.swiss\/wp-content\/uploads\/2020\/06\/FlowerPower7-768x576.jpg 768w, https:\/\/wro.swiss\/wp-content\/uploads\/2020\/06\/FlowerPower7-1024x768.jpg 1024w, https:\/\/wro.swiss\/wp-content\/uploads\/2020\/06\/FlowerPower7-1536x1152.jpg 1536w\" sizes=\"(max-width: 1024px) 100vw, 1024px\" \/><\/figure><\/li><li class=\"blocks-gallery-item\"><figure><img decoding=\"async\" width=\"1024\" height=\"768\" src=\"https:\/\/wro.swiss\/wp-content\/uploads\/2020\/06\/FlowerPower8-1024x768.jpg\" alt=\"\" data-id=\"1557\" data-full-url=\"https:\/\/worldrobotolympiad.ch\/wp-content\/uploads\/2020\/06\/FlowerPower8-scaled.jpg\" data-link=\"https:\/\/worldrobotolympiad.ch\/mehr-girls-in-robotik\/girls-blog\/flowerpower8\/#main\" class=\"wp-image-1557\" srcset=\"https:\/\/wro.swiss\/wp-content\/uploads\/2020\/06\/FlowerPower8-300x225.jpg 300w, https:\/\/wro.swiss\/wp-content\/uploads\/2020\/06\/FlowerPower8-scaled-450x338.jpg 450w, https:\/\/wro.swiss\/wp-content\/uploads\/2020\/06\/FlowerPower8-scaled-650x488.jpg 650w, https:\/\/wro.swiss\/wp-content\/uploads\/2020\/06\/FlowerPower8-768x576.jpg 768w, https:\/\/wro.swiss\/wp-content\/uploads\/2020\/06\/FlowerPower8-1024x768.jpg 1024w, https:\/\/wro.swiss\/wp-content\/uploads\/2020\/06\/FlowerPower8-1536x1152.jpg 1536w\" sizes=\"(max-width: 1024px) 100vw, 1024px\" \/><\/figure><\/li><\/ul><\/figure><p>16. Juni 2020<\/p><p>Das Projekt ist ziemlich cool aber sehr anspruchsvoll. Auf jeden Fall sehr interessant und spannend!<\/p><p>Anfangs sah es mega kompliziert aus aber je mehr man damit arbeitet, desto besser versteht man es.<\/p><figure class=\"wp-block-gallery columns-2 is-cropped wp-block-gallery-6 is-layout-flex wp-block-gallery-is-layout-flex\"><ul class=\"blocks-gallery-grid\"><li class=\"blocks-gallery-item\"><figure><img decoding=\"async\" width=\"1024\" height=\"768\" src=\"https:\/\/wro.swiss\/wp-content\/uploads\/2020\/06\/Team-Flower-Power-1-1024x768.jpg\" alt=\"\" data-id=\"1546\" data-full-url=\"https:\/\/worldrobotolympiad.ch\/wp-content\/uploads\/2020\/06\/Team-Flower-Power-1.jpg\" data-link=\"https:\/\/worldrobotolympiad.ch\/mehr-girls-in-robotik\/girls-blog\/team-flower-power-1\/#main\" class=\"wp-image-1546\" srcset=\"https:\/\/wro.swiss\/wp-content\/uploads\/2020\/06\/Team-Flower-Power-1-300x225.jpg 300w, https:\/\/wro.swiss\/wp-content\/uploads\/2020\/06\/Team-Flower-Power-1-450x338.jpg 450w, https:\/\/wro.swiss\/wp-content\/uploads\/2020\/06\/Team-Flower-Power-1-650x488.jpg 650w, https:\/\/wro.swiss\/wp-content\/uploads\/2020\/06\/Team-Flower-Power-1-768x576.jpg 768w, https:\/\/wro.swiss\/wp-content\/uploads\/2020\/06\/Team-Flower-Power-1-1024x768.jpg 1024w, https:\/\/wro.swiss\/wp-content\/uploads\/2020\/06\/Team-Flower-Power-1-1536x1152.jpg 1536w\" sizes=\"(max-width: 1024px) 100vw, 1024px\" \/><\/figure><\/li><li class=\"blocks-gallery-item\"><figure><img decoding=\"async\" width=\"768\" height=\"1024\" src=\"https:\/\/wro.swiss\/wp-content\/uploads\/2020\/06\/Team-Flower-Power-2-768x1024.jpg\" alt=\"\" data-id=\"1547\" data-full-url=\"https:\/\/worldrobotolympiad.ch\/wp-content\/uploads\/2020\/06\/Team-Flower-Power-2.jpg\" data-link=\"https:\/\/worldrobotolympiad.ch\/mehr-girls-in-robotik\/girls-blog\/team-flower-power-2\/#main\" class=\"wp-image-1547\" srcset=\"https:\/\/wro.swiss\/wp-content\/uploads\/2020\/06\/Team-Flower-Power-2-225x300.jpg 225w, https:\/\/wro.swiss\/wp-content\/uploads\/2020\/06\/Team-Flower-Power-2-650x867.jpg 650w, https:\/\/wro.swiss\/wp-content\/uploads\/2020\/06\/Team-Flower-Power-2-768x1024.jpg 768w, https:\/\/wro.swiss\/wp-content\/uploads\/2020\/06\/Team-Flower-Power-2-1152x1536.jpg 1152w, https:\/\/wro.swiss\/wp-content\/uploads\/2020\/06\/Team-Flower-Power-2-1536x2048.jpg 1536w, https:\/\/wro.swiss\/wp-content\/uploads\/2020\/06\/Team-Flower-Power-2.jpg 1728w\" sizes=\"(max-width: 768px) 100vw, 768px\" \/><\/figure><\/li><\/ul><figcaption class=\"blocks-gallery-caption\">Nina und Shariluna vom Team Flower Power mit ihrem neuen Roboter und ersten Versuchen auf dem Spielfeld.<\/figcaption><\/figure>","protected":false},"excerpt":{"rendered":"<p>Der Roboter vom Team Flower Power am Online Wettbewerb Der  [&#8230;]<\/p>\n","protected":false},"author":7,"featured_media":0,"parent":11807,"menu_order":0,"comment_status":"closed","ping_status":"closed","template":"","meta":{"inline_featured_image":false,"footnotes":""},"wf_page_folders":[],"class_list":["post-10331","page","type-page","status-publish","hentry"],"_links":{"self":[{"href":"https:\/\/wro.swiss\/en\/wp-json\/wp\/v2\/pages\/10331","targetHints":{"allow":["GET"]}}],"collection":[{"href":"https:\/\/wro.swiss\/en\/wp-json\/wp\/v2\/pages"}],"about":[{"href":"https:\/\/wro.swiss\/en\/wp-json\/wp\/v2\/types\/page"}],"author":[{"embeddable":true,"href":"https:\/\/wro.swiss\/en\/wp-json\/wp\/v2\/users\/7"}],"replies":[{"embeddable":true,"href":"https:\/\/wro.swiss\/en\/wp-json\/wp\/v2\/comments?post=10331"}],"version-history":[{"count":1,"href":"https:\/\/wro.swiss\/en\/wp-json\/wp\/v2\/pages\/10331\/revisions"}],"predecessor-version":[{"id":11020,"href":"https:\/\/wro.swiss\/en\/wp-json\/wp\/v2\/pages\/10331\/revisions\/11020"}],"up":[{"embeddable":true,"href":"https:\/\/wro.swiss\/en\/wp-json\/wp\/v2\/pages\/11807"}],"wp:attachment":[{"href":"https:\/\/wro.swiss\/en\/wp-json\/wp\/v2\/media?parent=10331"}],"wp:term":[{"taxonomy":"wf_page_folders","embeddable":true,"href":"https:\/\/wro.swiss\/en\/wp-json\/wp\/v2\/wf_page_folders?post=10331"}],"curies":[{"name":"wp","href":"https:\/\/api.w.org\/{rel}","templated":true}]}}